{"id":18915,"date":"2025-12-09T04:11:39","date_gmt":"2025-12-09T03:11:39","guid":{"rendered":"https:\/\/winandoffice.de\/?post_type=product&#038;p=18915"},"modified":"2025-12-11T22:53:50","modified_gmt":"2025-12-11T21:53:50","slug":"w11p-o24pp-p24p-v24p","status":"publish","type":"product","link":"https:\/\/winandoffice.de\/en\/product\/w11p-o24pp-p24p-v24p\/","title":{"rendered":"Microsoft Windows 11 Professional + Microsoft Office 2024 Professional Plus + Microsoft Project 2024 Professional + Microsoft Visio 2024 Professional License for 3 PCs"},"content":{"rendered":"<p>Save time and money with our Microsoft combo pack featuring the latest versions of Windows, Office, Visio, and Project.<\/p>\n<ul>\n<li>Windows 11 Professional<\/li>\n<li>Office 2024 Professional Plus<\/li>\n<li>Visio 2024 Professional<\/li>\n<li>Project 2024 Professional<\/li>\n<\/ul>\n<hr \/>\n<p><strong>Microsoft Windows 11 Professional<\/strong><\/p>\n<p>With Windows 11 Professional, you have a reliable operating system on your device. You benefit from faster system starts, a familiar but improved Start menu, and new ways to get things done quickly. You also get new features such as a brand-new browser that helps you surf the web and your personal digital assistant, Cortana. Cortana is your personal digital assistant that follows you across all your Windows 11 devices and helps you get things done. Cortana learns more about you over time and can support you better every day. Windows 11 Professional provides you with optimal support in everything you do.<\/p>\n<p><strong>Microsoft 1TB 2024 Professional Plus<\/strong><\/p>\n<p>Choose Office 2024 Professional Plus today and get the latest and most advanced Office solution from Microsoft. In addition to the classic applications, you automatically get access to browser-based apps and Skype for Business. Simplified communication allows you to collaborate more effectively with others.<\/p>\n<p>Everything you need at a glance<\/p>\n<ul>\n<li><strong>Word <\/strong> \u2013 for creating and editing your texts and documents<\/li>\n<li><strong>Excel <\/strong> \u2013 for processing data records in tabular form<\/li>\n<li><strong>PowerPoint <\/strong> \u2013 for creating inspiring presentations<\/li>\n<li><strong>Outlook <\/strong> \u2013 to manage your emails, contacts, appointments, and tasks<\/li>\n<li><strong>Access <\/strong> \u2013 for creating databases with Internet access<\/li>\n<li><strong>OneNote<\/strong> \u2013 Your digital notebook<\/li>\n<\/ul>\n<p><strong>Important note: Teams<\/strong> is included in this version of Office <strong>NOT<\/strong> included!<\/p>\n<p><strong>Microsoft 1TB 3TB 2024 Professional<\/strong><\/p>\n<p>Visio 2024 is a powerful diagramming application that allows you to work visually and create all kinds of diagrams. With over 12 million users, it is the industry leader. Visio 2024 makes it easy to define business processes, document best practices, visualize the future state of transformative initiatives, and preserve operational insights across your organization.<\/p>\n<p><strong>Microsoft Project 2024 Professional<\/strong><\/p>\n<p>Work with others to launch and implement successful projects in no time. Includes all the features of Project Standard, plus collaboration on resource management, SharePoint task synchronization, time tracking, and more. Microsoft Project Professional 2024 offers flexible features that let you plan projects, track status, and collaborate with others from virtually anywhere. The application provides real-time communication and instant messaging enabled directly in your project plan and consolidates all potential project resources into a single view.<\/p>\n<p><strong>Support:<\/strong><\/p>\n<p>If you have any questions, please feel free to contact us. <a href=\"mailto:deutschland@softwarelizenzexpress.de\">by email<\/a> Contact us. Our customer support is available 24 hours a day, 7 days a week.<\/p>","protected":false},"excerpt":{"rendered":"<ul>\n<li>Windows 11 Professional license for 3 PCs<\/li>\n<li>Office 2024 Professional Plus license for 3 PCs<\/li>\n<li>Visio 2024 Professional License for 3 PCs<\/li>\n<li>Project 2024 Professional License for 3 PCs<\/li>\n<li><strong>With this license, the software can be activated on 3 different devices, e.g., home PC, notebook, and work PC.<\/strong><\/li>\n<li>Version for 32- and 64-bit systems, unlimited full versions of the software <strong>from a certified Microsoft Gold Partner<\/strong><\/li>\n<li><strong>30-day full refund \u2013 Lifetime replacement guarantee!<\/strong><\/li>\n<li>Delivery by email: product key, instructions, download links, invoice<\/li>\n<li>Download immediately!<\/li>\n<li>No time limit, no subscription<\/li>\n<li>Free 24\/7 support for problems with installation and activation<\/li>\n<li>No delivery on data carriers (USB, CD, etc.)<\/li>\n<li>Activation online and by phone<\/li>\n<li>Languages: English, Spanish, Italian, German, French<\/li>\n<li><strong><span style=\"color: #008000;\"> This product is compatible with Microsoft Windows.<\/span><\/strong><\/li>\n<li><strong><span style=\"color: #ff0000;\">NOT compatible with Apple macOS\u2122, Android devices, and Chromebooks.<\/span><\/strong><\/li>\n<\/ul>","protected":false},"featured_media":18932,"comment_status":"open","ping_status":"closed","template":"","meta":{"_acf_changed":false},"product_brand":[],"product_cat":[1348,1352,1349,1350,1353,1354,1345,1351],"product_tag":[],"class_list":{"0":"post-18915","1":"product","2":"type-product","3":"status-publish","4":"has-post-thumbnail","6":"product_cat-combos","7":"product_cat-microsoft-office","8":"product_cat-microsoft-project","9":"product_cat-microsoft-visio","10":"product_cat-office-2024","11":"product_cat-windows-11","12":"product_cat-windows-desktop","13":"product_cat-woechentliche-angebote","15":"first","16":"instock","17":"sale","18":"virtual","19":"taxable","20":"purchasable","21":"product-type-simple"},"yoast_head":"<!-- This site is optimized with the Yoast SEO plugin v27.3 - https:\/\/yoast.com\/product\/yoast-seo-wordpress\/ -->\n<title>Microsoft Windows 11 Professional + Microsoft Office 2024 Professional Plus + Microsoft Project 2024 Professional + Microsoft Visio 2024 Professional Lizenz f\u00fcr 3 PC - Win &amp; Office<\/title>\n<meta name=\"robots\" content=\"index, follow, max-snippet:-1, max-image-preview:large, max-video-preview:-1\" \/>\n<link rel=\"canonical\" href=\"https:\/\/winandoffice.de\/en\/product\/w11p-o24pp-p24p-v24p\/\" \/>\n<meta property=\"og:locale\" content=\"en_US\" \/>\n<meta property=\"og:type\" content=\"article\" \/>\n<meta property=\"og:title\" content=\"Microsoft Windows 11 Professional + Microsoft Office 2024 Professional Plus + Microsoft Project 2024 Professional + Microsoft Visio 2024 Professional Lizenz f\u00fcr 3 PC - Win &amp; Office\" \/>\n<meta property=\"og:description\" content=\"Windows 11 Professional Lizenz f\u00fcr 3 PC  Office 2024 Professional Plus Lizenz f\u00fcr 3 PC  Visio 2024 Professional Lizenz f\u00fcr 3 PC  Project 2024 Professional Lizenz f\u00fcr 3 PC  Mit dieser Lizenz kann die Software auf 3 verschiedenen Ger\u00e4ten aktiviert werden, z.B. Heim-PC, Notebook und Arbeits-PC.  Version f\u00fcr 32- und 64-Bit-Systeme, unbegrenzte Vollversionen der Software vom zertifizierten Microsoft Gold Partner  30 Tage volle R\u00fcckerstattung - Lebenslange Ersatzgarantie!  Lieferung per E-Mail: Produktschl\u00fcssel, Anleitung, Download-Links, Rechnung  Sofortiger Download!  Keine zeitliche Begrenzung, kein Abonnement  Kostenloser 24\/7-Support bei Problemen mit der Installation und Aktivierung  Keine Lieferung auf Datentr\u00e4ger (USB, CD, etc.)  Aktivierung online und per Telefon  Sprachen: Englisch, Spanisch, Italienisch, Deutsch, Franz\u00f6sisch   Dieses Produkt ist mit Microsoft Windows kompatibel.  NICHT kompatibel mit Apple macOS\u2122, Android-Ger\u00e4ten und Chromebooks.\" \/>\n<meta property=\"og:url\" content=\"https:\/\/winandoffice.de\/en\/product\/w11p-o24pp-p24p-v24p\/\" \/>\n<meta property=\"og:site_name\" content=\"Win &amp; Office\" \/>\n<meta property=\"article:modified_time\" content=\"2025-12-11T21:53:50+00:00\" \/>\n<meta property=\"og:image\" content=\"https:\/\/winandoffice.de\/wp-content\/uploads\/2025\/12\/W11O24PV24PP24P.png\" \/>\n\t<meta property=\"og:image:width\" content=\"600\" \/>\n\t<meta property=\"og:image:height\" content=\"600\" \/>\n\t<meta property=\"og:image:type\" content=\"image\/png\" \/>\n<meta name=\"twitter:card\" content=\"summary_large_image\" \/>\n<meta name=\"twitter:label1\" content=\"Est. reading time\" \/>\n\t<meta name=\"twitter:data1\" content=\"2 minutes\" \/>\n<script type=\"application\/ld+json\" class=\"yoast-schema-graph\">{\"@context\":\"https:\\\/\\\/schema.org\",\"@graph\":[{\"@type\":\"WebPage\",\"@id\":\"https:\\\/\\\/winandoffice.de\\\/product\\\/w11p-o24pp-p24p-v24p\\\/\",\"url\":\"https:\\\/\\\/winandoffice.de\\\/product\\\/w11p-o24pp-p24p-v24p\\\/\",\"name\":\"Microsoft Windows 11 Professional + Microsoft Office 2024 Professional Plus + Microsoft Project 2024 Professional + Microsoft Visio 2024 Professional Lizenz f\u00fcr 3 PC - Win &amp; Office\",\"isPartOf\":{\"@id\":\"https:\\\/\\\/winandoffice.de\\\/#website\"},\"primaryImageOfPage\":{\"@id\":\"https:\\\/\\\/winandoffice.de\\\/product\\\/w11p-o24pp-p24p-v24p\\\/#primaryimage\"},\"image\":{\"@id\":\"https:\\\/\\\/winandoffice.de\\\/product\\\/w11p-o24pp-p24p-v24p\\\/#primaryimage\"},\"thumbnailUrl\":\"https:\\\/\\\/winandoffice.de\\\/wp-content\\\/uploads\\\/2025\\\/12\\\/W11O24PV24PP24P.png\",\"datePublished\":\"2025-12-09T03:11:39+00:00\",\"dateModified\":\"2025-12-11T21:53:50+00:00\",\"breadcrumb\":{\"@id\":\"https:\\\/\\\/winandoffice.de\\\/product\\\/w11p-o24pp-p24p-v24p\\\/#breadcrumb\"},\"inLanguage\":\"en-US\",\"potentialAction\":[{\"@type\":\"ReadAction\",\"target\":[\"https:\\\/\\\/winandoffice.de\\\/product\\\/w11p-o24pp-p24p-v24p\\\/\"]}]},{\"@type\":\"ImageObject\",\"inLanguage\":\"en-US\",\"@id\":\"https:\\\/\\\/winandoffice.de\\\/product\\\/w11p-o24pp-p24p-v24p\\\/#primaryimage\",\"url\":\"https:\\\/\\\/winandoffice.de\\\/wp-content\\\/uploads\\\/2025\\\/12\\\/W11O24PV24PP24P.png\",\"contentUrl\":\"https:\\\/\\\/winandoffice.de\\\/wp-content\\\/uploads\\\/2025\\\/12\\\/W11O24PV24PP24P.png\",\"width\":600,\"height\":600},{\"@type\":\"BreadcrumbList\",\"@id\":\"https:\\\/\\\/winandoffice.de\\\/product\\\/w11p-o24pp-p24p-v24p\\\/#breadcrumb\",\"itemListElement\":[{\"@type\":\"ListItem\",\"position\":1,\"name\":\"Home\",\"item\":\"https:\\\/\\\/winandoffice.de\\\/en\\\/\"},{\"@type\":\"ListItem\",\"position\":2,\"name\":\"Shop\",\"item\":\"https:\\\/\\\/winandoffice.de\\\/shop\\\/\"},{\"@type\":\"ListItem\",\"position\":3,\"name\":\"Microsoft Windows 11 Professional + Microsoft Office 2024 Professional Plus + Microsoft Project 2024 Professional + Microsoft Visio 2024 Professional Lizenz f\u00fcr 3 PC\"}]},{\"@type\":\"WebSite\",\"@id\":\"https:\\\/\\\/winandoffice.de\\\/#website\",\"url\":\"https:\\\/\\\/winandoffice.de\\\/\",\"name\":\"Win & Office\",\"description\":\"Shop Win &amp; Office\",\"publisher\":{\"@id\":\"https:\\\/\\\/winandoffice.de\\\/#organization\"},\"potentialAction\":[{\"@type\":\"SearchAction\",\"target\":{\"@type\":\"EntryPoint\",\"urlTemplate\":\"https:\\\/\\\/winandoffice.de\\\/?s={search_term_string}\"},\"query-input\":{\"@type\":\"PropertyValueSpecification\",\"valueRequired\":true,\"valueName\":\"search_term_string\"}}],\"inLanguage\":\"en-US\"},{\"@type\":\"Organization\",\"@id\":\"https:\\\/\\\/winandoffice.de\\\/#organization\",\"name\":\"Win & Office\",\"url\":\"https:\\\/\\\/winandoffice.de\\\/\",\"logo\":{\"@type\":\"ImageObject\",\"inLanguage\":\"en-US\",\"@id\":\"https:\\\/\\\/winandoffice.de\\\/#\\\/schema\\\/logo\\\/image\\\/\",\"url\":\"https:\\\/\\\/winandoffice.de\\\/wp-content\\\/uploads\\\/2020\\\/12\\\/winandoffice-logo-windows-microsoft-software-1.png\",\"contentUrl\":\"https:\\\/\\\/winandoffice.de\\\/wp-content\\\/uploads\\\/2020\\\/12\\\/winandoffice-logo-windows-microsoft-software-1.png\",\"width\":318,\"height\":86,\"caption\":\"Win & Office\"},\"image\":{\"@id\":\"https:\\\/\\\/winandoffice.de\\\/#\\\/schema\\\/logo\\\/image\\\/\"}}]}<\/script>\n<!-- \/ Yoast SEO plugin. -->","yoast_head_json":{"title":"Microsoft Windows 11 Professional + Microsoft Office 2024 Professional Plus + Microsoft Project 2024 Professional + Microsoft Visio 2024 Professional Lizenz f\u00fcr 3 PC - Win &amp; Office","robots":{"index":"index","follow":"follow","max-snippet":"max-snippet:-1","max-image-preview":"max-image-preview:large","max-video-preview":"max-video-preview:-1"},"canonical":"https:\/\/winandoffice.de\/en\/product\/w11p-o24pp-p24p-v24p\/","og_locale":"en_US","og_type":"article","og_title":"Microsoft Windows 11 Professional + Microsoft Office 2024 Professional Plus + Microsoft Project 2024 Professional + Microsoft Visio 2024 Professional Lizenz f\u00fcr 3 PC - Win &amp; Office","og_description":"Windows 11 Professional Lizenz f\u00fcr 3 PC  Office 2024 Professional Plus Lizenz f\u00fcr 3 PC  Visio 2024 Professional Lizenz f\u00fcr 3 PC  Project 2024 Professional Lizenz f\u00fcr 3 PC  Mit dieser Lizenz kann die Software auf 3 verschiedenen Ger\u00e4ten aktiviert werden, z.B. Heim-PC, Notebook und Arbeits-PC.  Version f\u00fcr 32- und 64-Bit-Systeme, unbegrenzte Vollversionen der Software vom zertifizierten Microsoft Gold Partner  30 Tage volle R\u00fcckerstattung - Lebenslange Ersatzgarantie!  Lieferung per E-Mail: Produktschl\u00fcssel, Anleitung, Download-Links, Rechnung  Sofortiger Download!  Keine zeitliche Begrenzung, kein Abonnement  Kostenloser 24\/7-Support bei Problemen mit der Installation und Aktivierung  Keine Lieferung auf Datentr\u00e4ger (USB, CD, etc.)  Aktivierung online und per Telefon  Sprachen: Englisch, Spanisch, Italienisch, Deutsch, Franz\u00f6sisch   Dieses Produkt ist mit Microsoft Windows kompatibel.  NICHT kompatibel mit Apple macOS\u2122, Android-Ger\u00e4ten und Chromebooks.","og_url":"https:\/\/winandoffice.de\/en\/product\/w11p-o24pp-p24p-v24p\/","og_site_name":"Win &amp; Office","article_modified_time":"2025-12-11T21:53:50+00:00","og_image":[{"width":600,"height":600,"url":"https:\/\/winandoffice.de\/wp-content\/uploads\/2025\/12\/W11O24PV24PP24P.png","type":"image\/png"}],"twitter_card":"summary_large_image","twitter_misc":{"Est. reading time":"2 minutes"},"schema":{"@context":"https:\/\/schema.org","@graph":[{"@type":"WebPage","@id":"https:\/\/winandoffice.de\/product\/w11p-o24pp-p24p-v24p\/","url":"https:\/\/winandoffice.de\/product\/w11p-o24pp-p24p-v24p\/","name":"Microsoft Windows 11 Professional + Microsoft Office 2024 Professional Plus + Microsoft Project 2024 Professional + Microsoft Visio 2024 Professional Lizenz f\u00fcr 3 PC - Win &amp; Office","isPartOf":{"@id":"https:\/\/winandoffice.de\/#website"},"primaryImageOfPage":{"@id":"https:\/\/winandoffice.de\/product\/w11p-o24pp-p24p-v24p\/#primaryimage"},"image":{"@id":"https:\/\/winandoffice.de\/product\/w11p-o24pp-p24p-v24p\/#primaryimage"},"thumbnailUrl":"https:\/\/winandoffice.de\/wp-content\/uploads\/2025\/12\/W11O24PV24PP24P.png","datePublished":"2025-12-09T03:11:39+00:00","dateModified":"2025-12-11T21:53:50+00:00","breadcrumb":{"@id":"https:\/\/winandoffice.de\/product\/w11p-o24pp-p24p-v24p\/#breadcrumb"},"inLanguage":"en-US","potentialAction":[{"@type":"ReadAction","target":["https:\/\/winandoffice.de\/product\/w11p-o24pp-p24p-v24p\/"]}]},{"@type":"ImageObject","inLanguage":"en-US","@id":"https:\/\/winandoffice.de\/product\/w11p-o24pp-p24p-v24p\/#primaryimage","url":"https:\/\/winandoffice.de\/wp-content\/uploads\/2025\/12\/W11O24PV24PP24P.png","contentUrl":"https:\/\/winandoffice.de\/wp-content\/uploads\/2025\/12\/W11O24PV24PP24P.png","width":600,"height":600},{"@type":"BreadcrumbList","@id":"https:\/\/winandoffice.de\/product\/w11p-o24pp-p24p-v24p\/#breadcrumb","itemListElement":[{"@type":"ListItem","position":1,"name":"Home","item":"https:\/\/winandoffice.de\/en\/"},{"@type":"ListItem","position":2,"name":"Shop","item":"https:\/\/winandoffice.de\/shop\/"},{"@type":"ListItem","position":3,"name":"Microsoft Windows 11 Professional + Microsoft Office 2024 Professional Plus + Microsoft Project 2024 Professional + Microsoft Visio 2024 Professional Lizenz f\u00fcr 3 PC"}]},{"@type":"WebSite","@id":"https:\/\/winandoffice.de\/#website","url":"https:\/\/winandoffice.de\/","name":"Win &amp; Office","description":"Shop Win &amp; Office","publisher":{"@id":"https:\/\/winandoffice.de\/#organization"},"potentialAction":[{"@type":"SearchAction","target":{"@type":"EntryPoint","urlTemplate":"https:\/\/winandoffice.de\/?s={search_term_string}"},"query-input":{"@type":"PropertyValueSpecification","valueRequired":true,"valueName":"search_term_string"}}],"inLanguage":"en-US"},{"@type":"Organization","@id":"https:\/\/winandoffice.de\/#organization","name":"Win &amp; Office","url":"https:\/\/winandoffice.de\/","logo":{"@type":"ImageObject","inLanguage":"en-US","@id":"https:\/\/winandoffice.de\/#\/schema\/logo\/image\/","url":"https:\/\/winandoffice.de\/wp-content\/uploads\/2020\/12\/winandoffice-logo-windows-microsoft-software-1.png","contentUrl":"https:\/\/winandoffice.de\/wp-content\/uploads\/2020\/12\/winandoffice-logo-windows-microsoft-software-1.png","width":318,"height":86,"caption":"Win & Office"},"image":{"@id":"https:\/\/winandoffice.de\/#\/schema\/logo\/image\/"}}]}},"acf":[],"_links":{"self":[{"href":"https:\/\/winandoffice.de\/en\/wp-json\/wp\/v2\/product\/18915","targetHints":{"allow":["GET"]}}],"collection":[{"href":"https:\/\/winandoffice.de\/en\/wp-json\/wp\/v2\/product"}],"about":[{"href":"https:\/\/winandoffice.de\/en\/wp-json\/wp\/v2\/types\/product"}],"replies":[{"embeddable":true,"href":"https:\/\/winandoffice.de\/en\/wp-json\/wp\/v2\/comments?post=18915"}],"wp:featuredmedia":[{"embeddable":true,"href":"https:\/\/winandoffice.de\/en\/wp-json\/wp\/v2\/media\/18932"}],"wp:attachment":[{"href":"https:\/\/winandoffice.de\/en\/wp-json\/wp\/v2\/media?parent=18915"}],"wp:term":[{"taxonomy":"product_brand","embeddable":true,"href":"https:\/\/winandoffice.de\/en\/wp-json\/wp\/v2\/product_brand?post=18915"},{"taxonomy":"product_cat","embeddable":true,"href":"https:\/\/winandoffice.de\/en\/wp-json\/wp\/v2\/product_cat?post=18915"},{"taxonomy":"product_tag","embeddable":true,"href":"https:\/\/winandoffice.de\/en\/wp-json\/wp\/v2\/product_tag?post=18915"}],"curies":[{"name":"wp","href":"https:\/\/api.w.org\/{rel}","templated":true}]}}