{"id":18913,"date":"2025-12-09T04:11:39","date_gmt":"2025-12-09T03:11:39","guid":{"rendered":"https:\/\/winandoffice.de\/?post_type=product&#038;p=18913"},"modified":"2025-12-11T22:53:50","modified_gmt":"2025-12-11T21:53:50","slug":"w10p-p24p","status":"publish","type":"product","link":"https:\/\/winandoffice.de\/en\/product\/w10p-p24p\/","title":{"rendered":"Microsoft Windows 10 Professional + Microsoft Project 2024 Professional License for 3 PCs"},"content":{"rendered":"<h2><strong>Microsoft Windows 10 Professional license for 3 PCs<\/strong><\/h2>\n<p><strong>With this license, the software can be activated on 3 different devices, e.g., home PC, notebook, and work PC.<\/strong><\/p>\n<p>With Microsoft Windows 10 Professional, you have a reliable operating system on your device. You benefit from faster system starts, a familiar but improved start menu, and new ways to get things done quickly. You also get new features such as a brand-new browser for an even better web experience and your personal digital assistant, Cortana. Cortana is your personal digital assistant that follows you across all your Microsoft Windows 10 devices and helps you get things done. Cortana learns more about you over time and can support you better every day. Microsoft Windows 10 Professional provides you with optimal support in everything you do.<\/p>\n<h2><strong>Microsoft Project 2024 Professional License for 3 PCs<\/strong><\/h2>\n<p><strong>With this license, the software can be activated on 3 different devices, e.g., home PC, notebook, and work PC.<\/strong><\/p>\n<p>Microsoft Project 2024 offers new features and improvements that help teams organize their work more effectively, manage tasks, and administer budgets and resources. This new version offers important innovations that benefit both beginners and professionals working on projects of any complexity:<\/p>\n<ul>\n<li>New, more intuitive and customizable user interface and improved user navigation with flexible data display<\/li>\n<li>Pre-built templates help you get your project started in no time<\/li>\n<li>Synchronization with Project Online and Project Server for integration and resource management<\/li>\n<li>What-if scenarios help optimize task assignment through scenario simulations.<\/li>\n<li>Improve your planning by automatically filling in start and end dates based on dependencies.<\/li>\n<li>Use multiple timelines for a clear visual representation of complex schedules<\/li>\n<li>New features for data display and analysis, easy switching between different types of information presentation, including Kanban and Scrum board<\/li>\n<li>Support for Agile, Scrum, Waterfall, and hybrid approaches, allowing users to combine elements from different methodologies.<\/li>\n<\/ul>\n<div id=\"gtx-trans\">\n<div class=\"gtx-trans-icon\"><\/div>\n<\/div>","protected":false},"excerpt":{"rendered":"<ul>\n<li>Microsoft Windows 10 Professional license for 3 PCs<\/li>\n<li>Microsoft Project 2024 Professional Plus license for 3 PCs<\/li>\n<li><strong>With this license, the software can be activated on 3 different devices, e.g., home PC, notebook, and work PC.<\/strong><\/li>\n<li>Versions available for 32-bit and 64-bit systems<\/li>\n<li>Shipping by email: Product key, instructions, download links, invoice<\/li>\n<li>Instant download!<\/li>\n<li>No time limit, no subscription<\/li>\n<li>Free support for installation and activation<\/li>\n<li>No delivery on data carriers (USB, CD, etc.)<\/li>\n<li>Activation online and by phone<\/li>\n<li><span style=\"color: #339966;\"><strong>This product is compatible with Windows.<\/strong><\/span><\/li>\n<li><span style=\"color: #ff0000;\"><strong>NOT compatible with Apple macOS\u2122\ufe0f, Android devices, or Chromebooks.<\/strong><\/span><\/li>\n<\/ul>","protected":false},"featured_media":18930,"comment_status":"closed","ping_status":"closed","template":"","meta":{"_acf_changed":false},"product_brand":[],"product_cat":[1360,1352,1365,1359,1366,1345],"product_tag":[1367,1368,1369],"class_list":{"0":"post-18913","1":"product","2":"type-product","3":"status-publish","4":"has-post-thumbnail","6":"product_cat-combo","7":"product_cat-microsoft-office","8":"product_cat-popular","9":"product_cat-project","10":"product_cat-windows-10","11":"product_cat-windows-desktop","12":"product_tag-microsoft-office-2019-professional-plus","13":"product_tag-microsoft-windows-10-pro","14":"product_tag-microsoft-windows-10-pro-office-2019-professional-plus","16":"first","17":"instock","18":"sale","19":"virtual","20":"taxable","21":"purchasable","22":"product-type-simple"},"yoast_head":"<!-- This site is optimized with the Yoast SEO plugin v27.3 - https:\/\/yoast.com\/product\/yoast-seo-wordpress\/ -->\n<title>Microsoft Windows 10 Professional + Microsoft Project 2024 Professional Lizenz f\u00fcr 3 PC - Win &amp; Office<\/title>\n<meta name=\"robots\" content=\"index, follow, max-snippet:-1, max-image-preview:large, max-video-preview:-1\" \/>\n<link rel=\"canonical\" href=\"https:\/\/winandoffice.de\/en\/product\/w10p-p24p\/\" \/>\n<meta property=\"og:locale\" content=\"en_US\" \/>\n<meta property=\"og:type\" content=\"article\" \/>\n<meta property=\"og:title\" content=\"Microsoft Windows 10 Professional + Microsoft Project 2024 Professional Lizenz f\u00fcr 3 PC - Win &amp; Office\" \/>\n<meta property=\"og:description\" content=\"Microsoft Windows 10 Professional Lizenz f\u00fcr 3 PC  Microsoft Project 2024 Professional Plus Lizenz f\u00fcr 3 PC  Mit dieser Lizenz kann die Software auf 3 verschiedenen Ger\u00e4ten aktiviert werden, z.B. Heim-PC, Notebook und Arbeits-PC  Versionen f\u00fcr 32 und 64 Bit Systeme verf\u00fcgbar  Versand per E-Mail: Produktschl\u00fcssel, Anleitung, Downloadlinks, Rechnung  Sofort-Download!  Keine zeitliche Begrenzung, kein Abo  Gratis Support bei der Installation und Aktivierung  Keine Lieferung auf Datentr\u00e4ger (USB, CD, usw.)  Aktivierung online und per Telefon  Dieses Produkt ist mit Windows kompatibel.  NICHT kompatibel mit Apple macOS\u2122\ufe0f, Android-Ger\u00e4ten oder Chromebooks.\" \/>\n<meta property=\"og:url\" content=\"https:\/\/winandoffice.de\/en\/product\/w10p-p24p\/\" \/>\n<meta property=\"og:site_name\" content=\"Win &amp; Office\" \/>\n<meta property=\"article:modified_time\" content=\"2025-12-11T21:53:50+00:00\" \/>\n<meta property=\"og:image\" content=\"https:\/\/winandoffice.de\/wp-content\/uploads\/2025\/12\/W10PP24P-1.png\" \/>\n\t<meta property=\"og:image:width\" content=\"600\" \/>\n\t<meta property=\"og:image:height\" content=\"600\" \/>\n\t<meta property=\"og:image:type\" content=\"image\/png\" \/>\n<meta name=\"twitter:card\" content=\"summary_large_image\" \/>\n<meta name=\"twitter:label1\" content=\"Est. reading time\" \/>\n\t<meta name=\"twitter:data1\" content=\"2 minutes\" \/>\n<script type=\"application\/ld+json\" class=\"yoast-schema-graph\">{\"@context\":\"https:\\\/\\\/schema.org\",\"@graph\":[{\"@type\":\"WebPage\",\"@id\":\"https:\\\/\\\/winandoffice.de\\\/product\\\/w10p-p24p\\\/\",\"url\":\"https:\\\/\\\/winandoffice.de\\\/product\\\/w10p-p24p\\\/\",\"name\":\"Microsoft Windows 10 Professional + Microsoft Project 2024 Professional Lizenz f\u00fcr 3 PC - Win &amp; Office\",\"isPartOf\":{\"@id\":\"https:\\\/\\\/winandoffice.de\\\/#website\"},\"primaryImageOfPage\":{\"@id\":\"https:\\\/\\\/winandoffice.de\\\/product\\\/w10p-p24p\\\/#primaryimage\"},\"image\":{\"@id\":\"https:\\\/\\\/winandoffice.de\\\/product\\\/w10p-p24p\\\/#primaryimage\"},\"thumbnailUrl\":\"https:\\\/\\\/winandoffice.de\\\/wp-content\\\/uploads\\\/2025\\\/12\\\/W10PP24P-1.png\",\"datePublished\":\"2025-12-09T03:11:39+00:00\",\"dateModified\":\"2025-12-11T21:53:50+00:00\",\"breadcrumb\":{\"@id\":\"https:\\\/\\\/winandoffice.de\\\/product\\\/w10p-p24p\\\/#breadcrumb\"},\"inLanguage\":\"en-US\",\"potentialAction\":[{\"@type\":\"ReadAction\",\"target\":[\"https:\\\/\\\/winandoffice.de\\\/product\\\/w10p-p24p\\\/\"]}]},{\"@type\":\"ImageObject\",\"inLanguage\":\"en-US\",\"@id\":\"https:\\\/\\\/winandoffice.de\\\/product\\\/w10p-p24p\\\/#primaryimage\",\"url\":\"https:\\\/\\\/winandoffice.de\\\/wp-content\\\/uploads\\\/2025\\\/12\\\/W10PP24P-1.png\",\"contentUrl\":\"https:\\\/\\\/winandoffice.de\\\/wp-content\\\/uploads\\\/2025\\\/12\\\/W10PP24P-1.png\",\"width\":600,\"height\":600},{\"@type\":\"BreadcrumbList\",\"@id\":\"https:\\\/\\\/winandoffice.de\\\/product\\\/w10p-p24p\\\/#breadcrumb\",\"itemListElement\":[{\"@type\":\"ListItem\",\"position\":1,\"name\":\"Home\",\"item\":\"https:\\\/\\\/winandoffice.de\\\/en\\\/\"},{\"@type\":\"ListItem\",\"position\":2,\"name\":\"Shop\",\"item\":\"https:\\\/\\\/winandoffice.de\\\/shop\\\/\"},{\"@type\":\"ListItem\",\"position\":3,\"name\":\"Microsoft Windows 10 Professional + Microsoft Project 2024 Professional Lizenz f\u00fcr 3 PC\"}]},{\"@type\":\"WebSite\",\"@id\":\"https:\\\/\\\/winandoffice.de\\\/#website\",\"url\":\"https:\\\/\\\/winandoffice.de\\\/\",\"name\":\"Win & Office\",\"description\":\"Shop Win &amp; Office\",\"publisher\":{\"@id\":\"https:\\\/\\\/winandoffice.de\\\/#organization\"},\"potentialAction\":[{\"@type\":\"SearchAction\",\"target\":{\"@type\":\"EntryPoint\",\"urlTemplate\":\"https:\\\/\\\/winandoffice.de\\\/?s={search_term_string}\"},\"query-input\":{\"@type\":\"PropertyValueSpecification\",\"valueRequired\":true,\"valueName\":\"search_term_string\"}}],\"inLanguage\":\"en-US\"},{\"@type\":\"Organization\",\"@id\":\"https:\\\/\\\/winandoffice.de\\\/#organization\",\"name\":\"Win & Office\",\"url\":\"https:\\\/\\\/winandoffice.de\\\/\",\"logo\":{\"@type\":\"ImageObject\",\"inLanguage\":\"en-US\",\"@id\":\"https:\\\/\\\/winandoffice.de\\\/#\\\/schema\\\/logo\\\/image\\\/\",\"url\":\"https:\\\/\\\/winandoffice.de\\\/wp-content\\\/uploads\\\/2020\\\/12\\\/winandoffice-logo-windows-microsoft-software-1.png\",\"contentUrl\":\"https:\\\/\\\/winandoffice.de\\\/wp-content\\\/uploads\\\/2020\\\/12\\\/winandoffice-logo-windows-microsoft-software-1.png\",\"width\":318,\"height\":86,\"caption\":\"Win & Office\"},\"image\":{\"@id\":\"https:\\\/\\\/winandoffice.de\\\/#\\\/schema\\\/logo\\\/image\\\/\"}}]}<\/script>\n<!-- \/ Yoast SEO plugin. -->","yoast_head_json":{"title":"Microsoft Windows 10 Professional + Microsoft Project 2024 Professional License for 3 PC - Win &amp; Office","robots":{"index":"index","follow":"follow","max-snippet":"max-snippet:-1","max-image-preview":"max-image-preview:large","max-video-preview":"max-video-preview:-1"},"canonical":"https:\/\/winandoffice.de\/en\/product\/w10p-p24p\/","og_locale":"en_US","og_type":"article","og_title":"Microsoft Windows 10 Professional + Microsoft Project 2024 Professional Lizenz f\u00fcr 3 PC - Win &amp; Office","og_description":"Microsoft Windows 10 Professional Lizenz f\u00fcr 3 PC  Microsoft Project 2024 Professional Plus Lizenz f\u00fcr 3 PC  Mit dieser Lizenz kann die Software auf 3 verschiedenen Ger\u00e4ten aktiviert werden, z.B. Heim-PC, Notebook und Arbeits-PC  Versionen f\u00fcr 32 und 64 Bit Systeme verf\u00fcgbar  Versand per E-Mail: Produktschl\u00fcssel, Anleitung, Downloadlinks, Rechnung  Sofort-Download!  Keine zeitliche Begrenzung, kein Abo  Gratis Support bei der Installation und Aktivierung  Keine Lieferung auf Datentr\u00e4ger (USB, CD, usw.)  Aktivierung online und per Telefon  Dieses Produkt ist mit Windows kompatibel.  NICHT kompatibel mit Apple macOS\u2122\ufe0f, Android-Ger\u00e4ten oder Chromebooks.","og_url":"https:\/\/winandoffice.de\/en\/product\/w10p-p24p\/","og_site_name":"Win &amp; Office","article_modified_time":"2025-12-11T21:53:50+00:00","og_image":[{"width":600,"height":600,"url":"https:\/\/winandoffice.de\/wp-content\/uploads\/2025\/12\/W10PP24P-1.png","type":"image\/png"}],"twitter_card":"summary_large_image","twitter_misc":{"Est. reading time":"2 minutes"},"schema":{"@context":"https:\/\/schema.org","@graph":[{"@type":"WebPage","@id":"https:\/\/winandoffice.de\/product\/w10p-p24p\/","url":"https:\/\/winandoffice.de\/product\/w10p-p24p\/","name":"Microsoft Windows 10 Professional + Microsoft Project 2024 Professional License for 3 PC - Win &amp; Office","isPartOf":{"@id":"https:\/\/winandoffice.de\/#website"},"primaryImageOfPage":{"@id":"https:\/\/winandoffice.de\/product\/w10p-p24p\/#primaryimage"},"image":{"@id":"https:\/\/winandoffice.de\/product\/w10p-p24p\/#primaryimage"},"thumbnailUrl":"https:\/\/winandoffice.de\/wp-content\/uploads\/2025\/12\/W10PP24P-1.png","datePublished":"2025-12-09T03:11:39+00:00","dateModified":"2025-12-11T21:53:50+00:00","breadcrumb":{"@id":"https:\/\/winandoffice.de\/product\/w10p-p24p\/#breadcrumb"},"inLanguage":"en-US","potentialAction":[{"@type":"ReadAction","target":["https:\/\/winandoffice.de\/product\/w10p-p24p\/"]}]},{"@type":"ImageObject","inLanguage":"en-US","@id":"https:\/\/winandoffice.de\/product\/w10p-p24p\/#primaryimage","url":"https:\/\/winandoffice.de\/wp-content\/uploads\/2025\/12\/W10PP24P-1.png","contentUrl":"https:\/\/winandoffice.de\/wp-content\/uploads\/2025\/12\/W10PP24P-1.png","width":600,"height":600},{"@type":"BreadcrumbList","@id":"https:\/\/winandoffice.de\/product\/w10p-p24p\/#breadcrumb","itemListElement":[{"@type":"ListItem","position":1,"name":"Home","item":"https:\/\/winandoffice.de\/en\/"},{"@type":"ListItem","position":2,"name":"Shop","item":"https:\/\/winandoffice.de\/shop\/"},{"@type":"ListItem","position":3,"name":"Microsoft Windows 10 Professional + Microsoft Project 2024 Professional Lizenz f\u00fcr 3 PC"}]},{"@type":"WebSite","@id":"https:\/\/winandoffice.de\/#website","url":"https:\/\/winandoffice.de\/","name":"Win &amp; Office","description":"Shop Win &amp; Office","publisher":{"@id":"https:\/\/winandoffice.de\/#organization"},"potentialAction":[{"@type":"SearchAction","target":{"@type":"EntryPoint","urlTemplate":"https:\/\/winandoffice.de\/?s={search_term_string}"},"query-input":{"@type":"PropertyValueSpecification","valueRequired":true,"valueName":"search_term_string"}}],"inLanguage":"en-US"},{"@type":"Organization","@id":"https:\/\/winandoffice.de\/#organization","name":"Win &amp; Office","url":"https:\/\/winandoffice.de\/","logo":{"@type":"ImageObject","inLanguage":"en-US","@id":"https:\/\/winandoffice.de\/#\/schema\/logo\/image\/","url":"https:\/\/winandoffice.de\/wp-content\/uploads\/2020\/12\/winandoffice-logo-windows-microsoft-software-1.png","contentUrl":"https:\/\/winandoffice.de\/wp-content\/uploads\/2020\/12\/winandoffice-logo-windows-microsoft-software-1.png","width":318,"height":86,"caption":"Win & Office"},"image":{"@id":"https:\/\/winandoffice.de\/#\/schema\/logo\/image\/"}}]}},"acf":[],"_links":{"self":[{"href":"https:\/\/winandoffice.de\/en\/wp-json\/wp\/v2\/product\/18913","targetHints":{"allow":["GET"]}}],"collection":[{"href":"https:\/\/winandoffice.de\/en\/wp-json\/wp\/v2\/product"}],"about":[{"href":"https:\/\/winandoffice.de\/en\/wp-json\/wp\/v2\/types\/product"}],"replies":[{"embeddable":true,"href":"https:\/\/winandoffice.de\/en\/wp-json\/wp\/v2\/comments?post=18913"}],"wp:featuredmedia":[{"embeddable":true,"href":"https:\/\/winandoffice.de\/en\/wp-json\/wp\/v2\/media\/18930"}],"wp:attachment":[{"href":"https:\/\/winandoffice.de\/en\/wp-json\/wp\/v2\/media?parent=18913"}],"wp:term":[{"taxonomy":"product_brand","embeddable":true,"href":"https:\/\/winandoffice.de\/en\/wp-json\/wp\/v2\/product_brand?post=18913"},{"taxonomy":"product_cat","embeddable":true,"href":"https:\/\/winandoffice.de\/en\/wp-json\/wp\/v2\/product_cat?post=18913"},{"taxonomy":"product_tag","embeddable":true,"href":"https:\/\/winandoffice.de\/en\/wp-json\/wp\/v2\/product_tag?post=18913"}],"curies":[{"name":"wp","href":"https:\/\/api.w.org\/{rel}","templated":true}]}}