{"id":18852,"date":"2025-12-09T04:11:16","date_gmt":"2025-12-09T03:11:16","guid":{"rendered":"https:\/\/winandoffice.de\/?post_type=product&#038;p=18852"},"modified":"2025-12-11T22:53:24","modified_gmt":"2025-12-11T21:53:24","slug":"o21pp","status":"publish","type":"product","link":"https:\/\/winandoffice.de\/en\/product\/o21pp\/","title":{"rendered":"Microsoft Office 2021 Professional Plus license for 3 PCs"},"content":{"rendered":"<h2>Microsoft Office 2021 Professional Plus<\/h2>\n<div class=\"J0lOec\">\n<p>The Office 2021 Professional Plus Edition is ideal for users who want to use the full range of applications at home or in the office. It includes the entire range of Microsoft Office applications: Word, Excel, Outlook, PowerPoint, Publisher, and Access. OneNote can be downloaded from the Windows Store and allows you to quickly create notes and make them available on all devices via the cloud. Experience improved performance, stability, and speed in Word, Excel, PowerPoint, and Outlook. You get new and improved search, freehand tools, data types, features, translation and editing tools, animated graphics, user-friendly features, and much more in the <a style=\"text-decoration: none; color: #333;\" title=\"what does tren do\" href=\"https:\/\/www.canarykc.com\/tren-hex-half-life-and-how-relevant-it-is-for-your-bodybuilding-cycles\/\">what does tren do<\/a> entire Office 2021 suite.<\/p>\n<\/div>\n<ul>\n<li class=\"J0lOec\"><span class=\"VIiyi\" lang=\"en\"><span class=\"JLqJ4b ChMk0b\" data-language-for-alternatives=\"en\" data-language-to-translate-into=\"de\" data-phrase-index=\"9\" data-number-of-phrases=\"18\"><strong>Word<\/strong>Create professional-quality text documents in no time at all.<\/span><\/span><\/li>\n<li class=\"J0lOec\"><span class=\"VIiyi\" lang=\"en\"><span class=\"JLqJ4b ChMk0b\" data-language-for-alternatives=\"en\" data-language-to-translate-into=\"de\" data-phrase-index=\"11\" data-number-of-phrases=\"18\"><strong>Excel<\/strong>: Smart spreadsheets, now with new features like XLOOKUP<\/span><\/span><\/li>\n<li class=\"J0lOec\"><span class=\"VIiyi\" lang=\"en\"><span class=\"JLqJ4b ChMk0b\" data-language-for-alternatives=\"en\" data-language-to-translate-into=\"de\" data-phrase-index=\"13\" data-number-of-phrases=\"18\"><strong>PowerPoint<\/strong>New and improved features for creating<\/span><\/span><span class=\"VIiyi\" lang=\"en\"><span class=\"JLqJ4b ChMk0b\" data-language-for-alternatives=\"en\" data-language-to-translate-into=\"de\" data-phrase-index=\"13\" data-number-of-phrases=\"18\">\u00a0impressive dynamic presentations.<\/span><\/span><\/li>\n<li class=\"J0lOec\"><span class=\"VIiyi\" lang=\"en\"><span class=\"JLqJ4b ChMk0b\" data-language-for-alternatives=\"en\" data-language-to-translate-into=\"de\" data-phrase-index=\"15\" data-number-of-phrases=\"18\"><strong>OneNote<\/strong>Your digital notebook in the cloud.<\/span><\/span><\/li>\n<li class=\"J0lOec\"><span class=\"VIiyi\" lang=\"en\"><span class=\"JLqJ4b ChMk0b\" data-language-for-alternatives=\"en\" data-language-to-translate-into=\"de\" data-phrase-index=\"17\" data-number-of-phrases=\"18\"><strong>Outlook<\/strong>Communication made easy; now includes powerful translation features.<\/span><\/span><\/li>\n<li><strong>Publisher<\/strong>: Layout design for professional publications<\/li>\n<li><strong>Access<\/strong>Simple and powerful database creation<\/li>\n<li><strong>Microsoft Teams<\/strong>: Increased productivity through instant messaging and HD video conferencing (available for download separately)<\/li>\n<\/ul>\n<p>NOTE: Due to a <a href=\"https:\/\/blogs.microsoft.com\/eupolicy\/2023\/08\/31\/european-competition-teams-office-microsoft-365\/\" target=\"_blank\" rel=\"noopener\">European Commission investigation<\/a>, Microsoft no longer bundles Teams licenses with Office products. You can <a href=\"https:\/\/www.microsoft.com\/en-us\/microsoft-teams\/download-app\" target=\"_blank\" rel=\"noopener\"> Download Teams<\/a>, to use it with a free or paid license (purchased separately), depending on your needs.<br \/>\n<strong>Requires Windows 10 or 11!<\/strong><\/p>","protected":false},"excerpt":{"rendered":"<div class=\"woocommerce-product-details__short-description\">\n<ul>\n<li>Microsoft Office 2021 Professional Plus license for 3 PCs<\/li>\n<li>Version for 64-bit systems<\/li>\n<li>Shipping by email: Product key, instructions, download links, invoice<\/li>\n<li>Instant download!<\/li>\n<li>No time limit, no subscription<\/li>\n<li>Free support for installation and activation<\/li>\n<li>No delivery on data carriers (USB, CD, etc.)<\/li>\n<li>Activation online and by phone<\/li>\n<li class=\"translation-block\"><strong>NOTE<\/strong>: only available in German and English!<\/li>\n<li class=\"translation-block\">This product is <strong>NOT compatible with Apple operating systems<\/strong> (macOS, iPadOS, iOS) or <strong>Chromebooks<\/strong>.<\/li>\n<li><strong>NOT compatible with Android devices<\/strong><\/li>\n<\/ul>\n<\/div>","protected":false},"featured_media":18861,"comment_status":"open","ping_status":"closed","template":"","meta":{"_acf_changed":false},"product_brand":[],"product_cat":[1352],"product_tag":[],"class_list":{"0":"post-18852","1":"product","2":"type-product","3":"status-publish","4":"has-post-thumbnail","6":"product_cat-microsoft-office","8":"first","9":"instock","10":"sale","11":"virtual","12":"taxable","13":"purchasable","14":"product-type-simple"},"yoast_head":"<!-- This site is optimized with the Yoast SEO plugin v27.3 - https:\/\/yoast.com\/product\/yoast-seo-wordpress\/ -->\n<title>Microsoft Office 2021 Professional Plus Lizenz f\u00fcr 3 PC - Win &amp; Office<\/title>\n<meta name=\"robots\" content=\"index, follow, max-snippet:-1, max-image-preview:large, max-video-preview:-1\" \/>\n<link rel=\"canonical\" href=\"https:\/\/winandoffice.de\/en\/product\/o21pp\/\" \/>\n<meta property=\"og:locale\" content=\"en_US\" \/>\n<meta property=\"og:type\" content=\"article\" \/>\n<meta property=\"og:title\" content=\"Microsoft Office 2021 Professional Plus Lizenz f\u00fcr 3 PC - Win &amp; Office\" \/>\n<meta property=\"og:description\" content=\"Microsoft Office 2021 Professional Plus Lizenz f\u00fcr 3 PC  Version f\u00fcr 64 Bit-Systeme  Versand per E-Mail: Produktschl\u00fcssel, Anleitung, Downloadlinks, Rechnung  Sofort-Download!  Keine zeitliche Begrenzung, kein Abo  Gratis Support bei der Installation und Aktivierung  Keine Lieferung auf Datentr\u00e4ger (USB, CD, usw.)  Aktivierung online und per Telefon  HINWEIS: nur in Deutsch und Englisch verf\u00fcgbar!  Dieses Produkt ist NICHT kompatibel mit Apple Betriebssystemen (MacOS, iPadOS, iOS), Chromebooks  NICHT kompatibel mit Android Ger\u00e4ten\" \/>\n<meta property=\"og:url\" content=\"https:\/\/winandoffice.de\/en\/product\/o21pp\/\" \/>\n<meta property=\"og:site_name\" content=\"Win &amp; Office\" \/>\n<meta property=\"article:modified_time\" content=\"2025-12-11T21:53:24+00:00\" \/>\n<meta property=\"og:image\" content=\"https:\/\/winandoffice.de\/wp-content\/uploads\/2025\/12\/O21P.png\" \/>\n\t<meta property=\"og:image:width\" content=\"600\" \/>\n\t<meta property=\"og:image:height\" content=\"600\" \/>\n\t<meta property=\"og:image:type\" content=\"image\/png\" \/>\n<meta name=\"twitter:card\" content=\"summary_large_image\" \/>\n<meta name=\"twitter:label1\" content=\"Est. reading time\" \/>\n\t<meta name=\"twitter:data1\" content=\"1 minute\" \/>\n<script type=\"application\/ld+json\" class=\"yoast-schema-graph\">{\"@context\":\"https:\\\/\\\/schema.org\",\"@graph\":[{\"@type\":\"WebPage\",\"@id\":\"https:\\\/\\\/winandoffice.de\\\/product\\\/o21pp\\\/\",\"url\":\"https:\\\/\\\/winandoffice.de\\\/product\\\/o21pp\\\/\",\"name\":\"Microsoft Office 2021 Professional Plus Lizenz f\u00fcr 3 PC - Win &amp; Office\",\"isPartOf\":{\"@id\":\"https:\\\/\\\/winandoffice.de\\\/#website\"},\"primaryImageOfPage\":{\"@id\":\"https:\\\/\\\/winandoffice.de\\\/product\\\/o21pp\\\/#primaryimage\"},\"image\":{\"@id\":\"https:\\\/\\\/winandoffice.de\\\/product\\\/o21pp\\\/#primaryimage\"},\"thumbnailUrl\":\"https:\\\/\\\/winandoffice.de\\\/wp-content\\\/uploads\\\/2025\\\/12\\\/O21P.png\",\"datePublished\":\"2025-12-09T03:11:16+00:00\",\"dateModified\":\"2025-12-11T21:53:24+00:00\",\"breadcrumb\":{\"@id\":\"https:\\\/\\\/winandoffice.de\\\/product\\\/o21pp\\\/#breadcrumb\"},\"inLanguage\":\"en-US\",\"potentialAction\":[{\"@type\":\"ReadAction\",\"target\":[\"https:\\\/\\\/winandoffice.de\\\/product\\\/o21pp\\\/\"]}]},{\"@type\":\"ImageObject\",\"inLanguage\":\"en-US\",\"@id\":\"https:\\\/\\\/winandoffice.de\\\/product\\\/o21pp\\\/#primaryimage\",\"url\":\"https:\\\/\\\/winandoffice.de\\\/wp-content\\\/uploads\\\/2025\\\/12\\\/O21P.png\",\"contentUrl\":\"https:\\\/\\\/winandoffice.de\\\/wp-content\\\/uploads\\\/2025\\\/12\\\/O21P.png\",\"width\":600,\"height\":600},{\"@type\":\"BreadcrumbList\",\"@id\":\"https:\\\/\\\/winandoffice.de\\\/product\\\/o21pp\\\/#breadcrumb\",\"itemListElement\":[{\"@type\":\"ListItem\",\"position\":1,\"name\":\"Home\",\"item\":\"https:\\\/\\\/winandoffice.de\\\/en\\\/\"},{\"@type\":\"ListItem\",\"position\":2,\"name\":\"Shop\",\"item\":\"https:\\\/\\\/winandoffice.de\\\/shop\\\/\"},{\"@type\":\"ListItem\",\"position\":3,\"name\":\"Microsoft Office 2021 Professional Plus Lizenz f\u00fcr 3 PC\"}]},{\"@type\":\"WebSite\",\"@id\":\"https:\\\/\\\/winandoffice.de\\\/#website\",\"url\":\"https:\\\/\\\/winandoffice.de\\\/\",\"name\":\"Win & Office\",\"description\":\"Shop Win &amp; Office\",\"publisher\":{\"@id\":\"https:\\\/\\\/winandoffice.de\\\/#organization\"},\"potentialAction\":[{\"@type\":\"SearchAction\",\"target\":{\"@type\":\"EntryPoint\",\"urlTemplate\":\"https:\\\/\\\/winandoffice.de\\\/?s={search_term_string}\"},\"query-input\":{\"@type\":\"PropertyValueSpecification\",\"valueRequired\":true,\"valueName\":\"search_term_string\"}}],\"inLanguage\":\"en-US\"},{\"@type\":\"Organization\",\"@id\":\"https:\\\/\\\/winandoffice.de\\\/#organization\",\"name\":\"Win & Office\",\"url\":\"https:\\\/\\\/winandoffice.de\\\/\",\"logo\":{\"@type\":\"ImageObject\",\"inLanguage\":\"en-US\",\"@id\":\"https:\\\/\\\/winandoffice.de\\\/#\\\/schema\\\/logo\\\/image\\\/\",\"url\":\"https:\\\/\\\/winandoffice.de\\\/wp-content\\\/uploads\\\/2020\\\/12\\\/winandoffice-logo-windows-microsoft-software-1.png\",\"contentUrl\":\"https:\\\/\\\/winandoffice.de\\\/wp-content\\\/uploads\\\/2020\\\/12\\\/winandoffice-logo-windows-microsoft-software-1.png\",\"width\":318,\"height\":86,\"caption\":\"Win & Office\"},\"image\":{\"@id\":\"https:\\\/\\\/winandoffice.de\\\/#\\\/schema\\\/logo\\\/image\\\/\"}}]}<\/script>\n<!-- \/ Yoast SEO plugin. -->","yoast_head_json":{"title":"Microsoft Office 2021 Professional Plus License for 3 PCs - Win &amp; Office","robots":{"index":"index","follow":"follow","max-snippet":"max-snippet:-1","max-image-preview":"max-image-preview:large","max-video-preview":"max-video-preview:-1"},"canonical":"https:\/\/winandoffice.de\/en\/product\/o21pp\/","og_locale":"en_US","og_type":"article","og_title":"Microsoft Office 2021 Professional Plus Lizenz f\u00fcr 3 PC - Win &amp; Office","og_description":"Microsoft Office 2021 Professional Plus Lizenz f\u00fcr 3 PC  Version f\u00fcr 64 Bit-Systeme  Versand per E-Mail: Produktschl\u00fcssel, Anleitung, Downloadlinks, Rechnung  Sofort-Download!  Keine zeitliche Begrenzung, kein Abo  Gratis Support bei der Installation und Aktivierung  Keine Lieferung auf Datentr\u00e4ger (USB, CD, usw.)  Aktivierung online und per Telefon  HINWEIS: nur in Deutsch und Englisch verf\u00fcgbar!  Dieses Produkt ist NICHT kompatibel mit Apple Betriebssystemen (MacOS, iPadOS, iOS), Chromebooks  NICHT kompatibel mit Android Ger\u00e4ten","og_url":"https:\/\/winandoffice.de\/en\/product\/o21pp\/","og_site_name":"Win &amp; Office","article_modified_time":"2025-12-11T21:53:24+00:00","og_image":[{"width":600,"height":600,"url":"https:\/\/winandoffice.de\/wp-content\/uploads\/2025\/12\/O21P.png","type":"image\/png"}],"twitter_card":"summary_large_image","twitter_misc":{"Est. reading time":"1 minute"},"schema":{"@context":"https:\/\/schema.org","@graph":[{"@type":"WebPage","@id":"https:\/\/winandoffice.de\/product\/o21pp\/","url":"https:\/\/winandoffice.de\/product\/o21pp\/","name":"Microsoft Office 2021 Professional Plus License for 3 PCs - Win &amp; Office","isPartOf":{"@id":"https:\/\/winandoffice.de\/#website"},"primaryImageOfPage":{"@id":"https:\/\/winandoffice.de\/product\/o21pp\/#primaryimage"},"image":{"@id":"https:\/\/winandoffice.de\/product\/o21pp\/#primaryimage"},"thumbnailUrl":"https:\/\/winandoffice.de\/wp-content\/uploads\/2025\/12\/O21P.png","datePublished":"2025-12-09T03:11:16+00:00","dateModified":"2025-12-11T21:53:24+00:00","breadcrumb":{"@id":"https:\/\/winandoffice.de\/product\/o21pp\/#breadcrumb"},"inLanguage":"en-US","potentialAction":[{"@type":"ReadAction","target":["https:\/\/winandoffice.de\/product\/o21pp\/"]}]},{"@type":"ImageObject","inLanguage":"en-US","@id":"https:\/\/winandoffice.de\/product\/o21pp\/#primaryimage","url":"https:\/\/winandoffice.de\/wp-content\/uploads\/2025\/12\/O21P.png","contentUrl":"https:\/\/winandoffice.de\/wp-content\/uploads\/2025\/12\/O21P.png","width":600,"height":600},{"@type":"BreadcrumbList","@id":"https:\/\/winandoffice.de\/product\/o21pp\/#breadcrumb","itemListElement":[{"@type":"ListItem","position":1,"name":"Home","item":"https:\/\/winandoffice.de\/en\/"},{"@type":"ListItem","position":2,"name":"Shop","item":"https:\/\/winandoffice.de\/shop\/"},{"@type":"ListItem","position":3,"name":"Microsoft Office 2021 Professional Plus Lizenz f\u00fcr 3 PC"}]},{"@type":"WebSite","@id":"https:\/\/winandoffice.de\/#website","url":"https:\/\/winandoffice.de\/","name":"Win &amp; Office","description":"Shop Win &amp; Office","publisher":{"@id":"https:\/\/winandoffice.de\/#organization"},"potentialAction":[{"@type":"SearchAction","target":{"@type":"EntryPoint","urlTemplate":"https:\/\/winandoffice.de\/?s={search_term_string}"},"query-input":{"@type":"PropertyValueSpecification","valueRequired":true,"valueName":"search_term_string"}}],"inLanguage":"en-US"},{"@type":"Organization","@id":"https:\/\/winandoffice.de\/#organization","name":"Win &amp; Office","url":"https:\/\/winandoffice.de\/","logo":{"@type":"ImageObject","inLanguage":"en-US","@id":"https:\/\/winandoffice.de\/#\/schema\/logo\/image\/","url":"https:\/\/winandoffice.de\/wp-content\/uploads\/2020\/12\/winandoffice-logo-windows-microsoft-software-1.png","contentUrl":"https:\/\/winandoffice.de\/wp-content\/uploads\/2020\/12\/winandoffice-logo-windows-microsoft-software-1.png","width":318,"height":86,"caption":"Win & Office"},"image":{"@id":"https:\/\/winandoffice.de\/#\/schema\/logo\/image\/"}}]}},"acf":[],"_links":{"self":[{"href":"https:\/\/winandoffice.de\/en\/wp-json\/wp\/v2\/product\/18852","targetHints":{"allow":["GET"]}}],"collection":[{"href":"https:\/\/winandoffice.de\/en\/wp-json\/wp\/v2\/product"}],"about":[{"href":"https:\/\/winandoffice.de\/en\/wp-json\/wp\/v2\/types\/product"}],"replies":[{"embeddable":true,"href":"https:\/\/winandoffice.de\/en\/wp-json\/wp\/v2\/comments?post=18852"}],"wp:featuredmedia":[{"embeddable":true,"href":"https:\/\/winandoffice.de\/en\/wp-json\/wp\/v2\/media\/18861"}],"wp:attachment":[{"href":"https:\/\/winandoffice.de\/en\/wp-json\/wp\/v2\/media?parent=18852"}],"wp:term":[{"taxonomy":"product_brand","embeddable":true,"href":"https:\/\/winandoffice.de\/en\/wp-json\/wp\/v2\/product_brand?post=18852"},{"taxonomy":"product_cat","embeddable":true,"href":"https:\/\/winandoffice.de\/en\/wp-json\/wp\/v2\/product_cat?post=18852"},{"taxonomy":"product_tag","embeddable":true,"href":"https:\/\/winandoffice.de\/en\/wp-json\/wp\/v2\/product_tag?post=18852"}],"curies":[{"name":"wp","href":"https:\/\/api.w.org\/{rel}","templated":true}]}}