{"id":18851,"date":"2025-12-09T04:11:16","date_gmt":"2025-12-09T03:11:16","guid":{"rendered":"https:\/\/winandoffice.de\/?post_type=product&#038;p=18851"},"modified":"2026-04-28T02:13:12","modified_gmt":"2026-04-28T01:13:12","slug":"w11h","status":"publish","type":"product","link":"https:\/\/winandoffice.de\/en\/product\/w11h\/","title":{"rendered":"Microsoft Windows 11 Home"},"content":{"rendered":"<h3>Windows 11 Home<\/h3>\n<h4>System requirements:<\/h4>\n<hr>\n<p>Get ready for the latest and greatest operating system from Microsoft! This edition is aimed at home users and is well suited for everyday use, creative work, and gaming.<br \/>\nThese are the basic requirements for installing Windows 11 on a PC. If your device does not meet these requirements, you may not be able to install Windows 11 on your device and should consider buying a new PC. If you are unsure whether your PC meets these requirements, you can check with your PC original equipment manufacturer (OEM) or, if your device is already running Windows 10, use the PC Health Check app to check compatibility (<a href=\"https:\/\/aka.ms\/GetPCHealthCheckApp\" target=\"_self\" rel=\"noopener\"><b>to download<\/b><\/a>).<\/p>\n<ul>\n<li><strong>Processor:<\/strong> 1 gigahertz (GHz) or faster with 2 or more cores on a compatible 64-bit processor or SoC (System on a Chip).<\/li>\n<li><strong>RAM:<\/strong> 4 gigabytes (GB)<\/li>\n<li><strong>Storage space:<\/strong> 64 GB or more Note: See \u201eMore information on storage space to keep Windows 11 up to date\u201c below for more details.<\/li>\n<li><strong>System firmware:<\/strong> UEFI, Secure Boot capable<\/li>\n<li><strong>TPM:<\/strong> Trusted Platform Module (TPM) version 2.0<\/li>\n<li><strong>Graphics card:<\/strong> Compatible with DirectX 12 or higher with WDDM 2.0 driver<\/li>\n<li><strong>Advertisement:<\/strong> High-resolution display (720p) with a diagonal of more than 9 inches, 8 bits per color channel<\/li>\n<li><strong>Internet connection and Microsoft accounts: <\/strong> Windows 11 Home Edition requires an internet connection and a Microsoft account to complete the device setup on first use. Switching a device from Windows 11 Home in S mode also requires an internet connection. Internet access is required for all Windows 11 editions to perform updates and to download and use some features. A Microsoft account is required for some features.<\/li>\n<\/ul>\n<p>Over time, there may be additional requirements for updates as well as requirements to activate certain functions within the operating system.<\/p>\n<h4><a href=\"https:\/\/www.microsoft.com\/en-us\/windows\/windows-11\" target=\"_blank\" rel=\"noopener\">Function-specific requirements for Windows 11<\/a><\/h4>\n<hr>\n<p>Some features in Windows 11 have increased requirements that go beyond the requirements listed above in the section on minimum requirements. Below are some additional details about the requirements for key features:<\/p>\n<ul>\n<li><strong>5G support<\/strong> Requires a 5G-capable modem.<\/li>\n<li><strong>Auto HDR<\/strong> requires an HDR monitor.<\/li>\n<li><strong>BitLocker To Go<\/strong> requires a USB flash drive (available in Windows Pro and higher editions).<\/li>\n<li><strong>Client Hyper-V<\/strong> requires a processor with SLAT functions (Second Level Address Translation) (available in Windows Pro and higher editions).<\/li>\n<li><strong>Cortana<\/strong> requires a microphone and speaker and is currently available on Windows 11 for Australia, Brazil, Canada, China, France, Germany, India, Italy, Japan, Mexico, Spain, the UK and the US.<\/li>\n<li><strong>DirectStorage<\/strong> requires an NVMe SSD to store and run games that use the \u201eStandard NVM Express Controller\u201c driver and a DirectX12 GPU with Shader Model 6.0 support.<\/li>\n<li><strong>DirectX 12 Ultimate<\/strong> is available with supported games and graphics chips.<\/li>\n<li><strong>Presence<\/strong> requires a sensor that can detect the distance of the person to the device or the intention to interact with the device.<\/li>\n<li><strong>Intelligent video conferencing<\/strong> Requires a video camera, microphone, and speakers (audio output).<\/li>\n<li><strong>Multiple Voice Assistant (MVA)<\/strong> requires a microphone and a speaker.<\/li>\n<li><strong>Snap<\/strong> Three-column layouts require a screen with a width of 1920 effective pixels or more.<\/li>\n<li><strong>Mute\/unmute from the taskbar<\/strong> requires video camera, microphone and loudspeaker (audio output). The app must be compatible with the function to cancel global muting.<\/li>\n<li><strong>Spatial Sound<\/strong> requires supporting hardware and software.<\/li>\n<li><strong>teams<\/strong> Requires a video camera, microphone, and speakers (audio output).<\/li>\n<li><strong>Touch<\/strong> Requires a screen or monitor that supports multi-touch.<\/li>\n<li><strong>two-factor authentication<\/strong> requires the use of PIN, biometrics (fingerprint reader or illuminated infrared camera) or a phone with Wi-Fi or Bluetooth functions.<\/li>\n<li><strong>Voice typing<\/strong> requires a PC with a microphone.<\/li>\n<li><strong>Wake on Voice<\/strong> requires a modern standby power model and a microphone.<\/li>\n<li><strong>Wi-Fi 6E<\/strong> requires new WLAN-IHV hardware and drivers as well as a Wi-Fi 6E-capable AP\/router.<\/li>\n<li><strong>Windows Hello<\/strong> requires a camera configured for near-infrared (IR) or a fingerprint reader for biometric authentication. Devices without biometric sensors can use Windows Hello with a PIN or a portable Microsoft-compatible security key.<\/li>\n<li><strong>Windows Projection<\/strong> requires a display adapter that supports Windows Display Driver Model (WDDM) 2.0 and a Wi-Fi adapter that supports Wi-Fi Direct.<\/li>\n<li><strong>Xbox (App)<\/strong> requires an Xbox Live account, which is not available in all regions. See Xbox Live countries and regions for the latest availability information. Some features in the Xbox app require an active Xbox Game Pass subscription. Learn more about the pass.<\/li>\n<\/ul>","protected":false},"excerpt":{"rendered":"<ul>\n<li>Microsoft Windows 11 Home for 1 PC<\/li>\n<li>Version for 64-bit systems<\/li>\n<li>Shipping by email: Product key, instructions, download links, invoice<\/li>\n<li>Instant download!<\/li>\n<li>No time limit, no subscription<\/li>\n<li>Free support for installation and activation<\/li>\n<li>No delivery on data carriers (USB, CD, etc.)<\/li>\n<li>Activation online and by phone<\/li>\n<li>This product is <strong>NOT compatible with Apple operating systems<\/strong> (MacOS, iPadOS, iOS), <strong>Chromebooks<\/strong><\/li>\n<li><strong>NOT compatible with Android devices<\/strong><\/li>\n<\/ul>","protected":false},"featured_media":18860,"comment_status":"open","ping_status":"closed","template":"","meta":[],"product_brand":[],"product_cat":[1345],"product_tag":[],"class_list":{"0":"post-18851","1":"product","2":"type-product","3":"status-publish","4":"has-post-thumbnail","6":"product_cat-windows-desktop","8":"first","9":"instock","10":"sale","11":"virtual","12":"taxable","13":"purchasable","14":"product-type-simple"},"yoast_head":"<!-- This site is optimized with the Yoast SEO plugin v27.5 - https:\/\/yoast.com\/product\/yoast-seo-wordpress\/ -->\n<title>Microsoft Windows 11 Home - Win &amp; Office<\/title>\n<meta name=\"robots\" content=\"index, follow, max-snippet:-1, max-image-preview:large, max-video-preview:-1\" \/>\n<link rel=\"canonical\" href=\"https:\/\/winandoffice.de\/en\/product\/w11h\/\" \/>\n<meta property=\"og:locale\" content=\"en_US\" \/>\n<meta property=\"og:type\" content=\"article\" \/>\n<meta property=\"og:title\" content=\"Microsoft Windows 11 Home - Win &amp; Office\" \/>\n<meta property=\"og:description\" content=\"Microsoft Windows 11 Home f\u00fcr 1 PC  Version f\u00fcr 64-Bit Systeme  Versand per E-Mail: Produktschl\u00fcssel, Anleitung, Downloadlinks, Rechnung  Sofort-Download!  Keine zeitliche Begrenzung, kein Abo  Gratis Support bei der Installation und Aktivierung  Keine Lieferung auf Datentr\u00e4ger (USB, CD, usw.)  Aktivierung online und per Telefon  Dieses Produkt ist NICHT kompatibel mit Apple Betriebssystemen (MacOS, iPadOS, iOS), Chromebooks  NICHT kompatibel mit Android Ger\u00e4ten\" \/>\n<meta property=\"og:url\" content=\"https:\/\/winandoffice.de\/en\/product\/w11h\/\" \/>\n<meta property=\"og:site_name\" content=\"Win &amp; Office\" \/>\n<meta property=\"article:modified_time\" content=\"2026-04-28T01:13:12+00:00\" \/>\n<meta property=\"og:image\" content=\"http:\/\/winandoffice.de\/wp-content\/uploads\/2025\/12\/W11H.png\" \/>\n\t<meta property=\"og:image:width\" content=\"600\" \/>\n\t<meta property=\"og:image:height\" content=\"600\" \/>\n\t<meta property=\"og:image:type\" content=\"image\/png\" \/>\n<meta name=\"twitter:card\" content=\"summary_large_image\" \/>\n<meta name=\"twitter:label1\" content=\"Est. reading time\" \/>\n\t<meta name=\"twitter:data1\" content=\"4 minutes\" \/>\n<script type=\"application\/ld+json\" class=\"yoast-schema-graph\">{\"@context\":\"https:\\\/\\\/schema.org\",\"@graph\":[{\"@type\":\"WebPage\",\"@id\":\"https:\\\/\\\/winandoffice.de\\\/product\\\/w11h\\\/\",\"url\":\"https:\\\/\\\/winandoffice.de\\\/product\\\/w11h\\\/\",\"name\":\"Microsoft Windows 11 Home - Win &amp; Office\",\"isPartOf\":{\"@id\":\"https:\\\/\\\/winandoffice.de\\\/#website\"},\"primaryImageOfPage\":{\"@id\":\"https:\\\/\\\/winandoffice.de\\\/product\\\/w11h\\\/#primaryimage\"},\"image\":{\"@id\":\"https:\\\/\\\/winandoffice.de\\\/product\\\/w11h\\\/#primaryimage\"},\"thumbnailUrl\":\"https:\\\/\\\/winandoffice.de\\\/wp-content\\\/uploads\\\/2025\\\/12\\\/W11H.png\",\"datePublished\":\"2025-12-09T03:11:16+00:00\",\"dateModified\":\"2026-04-28T01:13:12+00:00\",\"breadcrumb\":{\"@id\":\"https:\\\/\\\/winandoffice.de\\\/product\\\/w11h\\\/#breadcrumb\"},\"inLanguage\":\"en-US\",\"potentialAction\":[{\"@type\":\"ReadAction\",\"target\":[\"https:\\\/\\\/winandoffice.de\\\/product\\\/w11h\\\/\"]}]},{\"@type\":\"ImageObject\",\"inLanguage\":\"en-US\",\"@id\":\"https:\\\/\\\/winandoffice.de\\\/product\\\/w11h\\\/#primaryimage\",\"url\":\"https:\\\/\\\/winandoffice.de\\\/wp-content\\\/uploads\\\/2025\\\/12\\\/W11H.png\",\"contentUrl\":\"https:\\\/\\\/winandoffice.de\\\/wp-content\\\/uploads\\\/2025\\\/12\\\/W11H.png\",\"width\":600,\"height\":600},{\"@type\":\"BreadcrumbList\",\"@id\":\"https:\\\/\\\/winandoffice.de\\\/product\\\/w11h\\\/#breadcrumb\",\"itemListElement\":[{\"@type\":\"ListItem\",\"position\":1,\"name\":\"Start\",\"item\":\"https:\\\/\\\/winandoffice.de\\\/en\\\/\"},{\"@type\":\"ListItem\",\"position\":2,\"name\":\"Shop\",\"item\":\"https:\\\/\\\/winandoffice.de\\\/shop\\\/\"},{\"@type\":\"ListItem\",\"position\":3,\"name\":\"Microsoft Windows 11 Home\"}]},{\"@type\":\"WebSite\",\"@id\":\"https:\\\/\\\/winandoffice.de\\\/#website\",\"url\":\"https:\\\/\\\/winandoffice.de\\\/\",\"name\":\"Win &amp; Office\",\"description\":\"Shop Win &amp; Office\",\"publisher\":{\"@id\":\"https:\\\/\\\/winandoffice.de\\\/#organization\"},\"potentialAction\":[{\"@type\":\"SearchAction\",\"target\":{\"@type\":\"EntryPoint\",\"urlTemplate\":\"https:\\\/\\\/winandoffice.de\\\/?s={search_term_string}\"},\"query-input\":{\"@type\":\"PropertyValueSpecification\",\"valueRequired\":true,\"valueName\":\"search_term_string\"}}],\"inLanguage\":\"en-US\"},{\"@type\":\"Organization\",\"@id\":\"https:\\\/\\\/winandoffice.de\\\/#organization\",\"name\":\"Win &amp; Office\",\"url\":\"https:\\\/\\\/winandoffice.de\\\/\",\"logo\":{\"@type\":\"ImageObject\",\"inLanguage\":\"en-US\",\"@id\":\"https:\\\/\\\/winandoffice.de\\\/#\\\/schema\\\/logo\\\/image\\\/\",\"url\":\"https:\\\/\\\/winandoffice.de\\\/wp-content\\\/uploads\\\/2020\\\/12\\\/winandoffice-logo-windows-microsoft-software-1.png\",\"contentUrl\":\"https:\\\/\\\/winandoffice.de\\\/wp-content\\\/uploads\\\/2020\\\/12\\\/winandoffice-logo-windows-microsoft-software-1.png\",\"width\":318,\"height\":86,\"caption\":\"Win &amp; Office\"},\"image\":{\"@id\":\"https:\\\/\\\/winandoffice.de\\\/#\\\/schema\\\/logo\\\/image\\\/\"}}]}<\/script>\n<!-- \/ Yoast SEO plugin. -->","yoast_head_json":{"title":"Microsoft Windows 11 Home - Win &amp; Office","robots":{"index":"index","follow":"follow","max-snippet":"max-snippet:-1","max-image-preview":"max-image-preview:large","max-video-preview":"max-video-preview:-1"},"canonical":"https:\/\/winandoffice.de\/en\/product\/w11h\/","og_locale":"en_US","og_type":"article","og_title":"Microsoft Windows 11 Home - Win &amp; Office","og_description":"Microsoft Windows 11 Home f\u00fcr 1 PC  Version f\u00fcr 64-Bit Systeme  Versand per E-Mail: Produktschl\u00fcssel, Anleitung, Downloadlinks, Rechnung  Sofort-Download!  Keine zeitliche Begrenzung, kein Abo  Gratis Support bei der Installation und Aktivierung  Keine Lieferung auf Datentr\u00e4ger (USB, CD, usw.)  Aktivierung online und per Telefon  Dieses Produkt ist NICHT kompatibel mit Apple Betriebssystemen (MacOS, iPadOS, iOS), Chromebooks  NICHT kompatibel mit Android Ger\u00e4ten","og_url":"https:\/\/winandoffice.de\/en\/product\/w11h\/","og_site_name":"Win &amp; Office","article_modified_time":"2026-04-28T01:13:12+00:00","og_image":[{"width":600,"height":600,"url":"http:\/\/winandoffice.de\/wp-content\/uploads\/2025\/12\/W11H.png","type":"image\/png"}],"twitter_card":"summary_large_image","twitter_misc":{"Est. reading time":"4 minutes"},"schema":{"@context":"https:\/\/schema.org","@graph":[{"@type":"WebPage","@id":"https:\/\/winandoffice.de\/product\/w11h\/","url":"https:\/\/winandoffice.de\/product\/w11h\/","name":"Microsoft Windows 11 Home - Win &amp; Office","isPartOf":{"@id":"https:\/\/winandoffice.de\/#website"},"primaryImageOfPage":{"@id":"https:\/\/winandoffice.de\/product\/w11h\/#primaryimage"},"image":{"@id":"https:\/\/winandoffice.de\/product\/w11h\/#primaryimage"},"thumbnailUrl":"https:\/\/winandoffice.de\/wp-content\/uploads\/2025\/12\/W11H.png","datePublished":"2025-12-09T03:11:16+00:00","dateModified":"2026-04-28T01:13:12+00:00","breadcrumb":{"@id":"https:\/\/winandoffice.de\/product\/w11h\/#breadcrumb"},"inLanguage":"en-US","potentialAction":[{"@type":"ReadAction","target":["https:\/\/winandoffice.de\/product\/w11h\/"]}]},{"@type":"ImageObject","inLanguage":"en-US","@id":"https:\/\/winandoffice.de\/product\/w11h\/#primaryimage","url":"https:\/\/winandoffice.de\/wp-content\/uploads\/2025\/12\/W11H.png","contentUrl":"https:\/\/winandoffice.de\/wp-content\/uploads\/2025\/12\/W11H.png","width":600,"height":600},{"@type":"BreadcrumbList","@id":"https:\/\/winandoffice.de\/product\/w11h\/#breadcrumb","itemListElement":[{"@type":"ListItem","position":1,"name":"Start","item":"https:\/\/winandoffice.de\/en\/"},{"@type":"ListItem","position":2,"name":"Shop","item":"https:\/\/winandoffice.de\/shop\/"},{"@type":"ListItem","position":3,"name":"Microsoft Windows 11 Home"}]},{"@type":"WebSite","@id":"https:\/\/winandoffice.de\/#website","url":"https:\/\/winandoffice.de\/","name":"Win &amp; Office","description":"Shop Win &amp; Office","publisher":{"@id":"https:\/\/winandoffice.de\/#organization"},"potentialAction":[{"@type":"SearchAction","target":{"@type":"EntryPoint","urlTemplate":"https:\/\/winandoffice.de\/?s={search_term_string}"},"query-input":{"@type":"PropertyValueSpecification","valueRequired":true,"valueName":"search_term_string"}}],"inLanguage":"en-US"},{"@type":"Organization","@id":"https:\/\/winandoffice.de\/#organization","name":"Win &amp; Office","url":"https:\/\/winandoffice.de\/","logo":{"@type":"ImageObject","inLanguage":"en-US","@id":"https:\/\/winandoffice.de\/#\/schema\/logo\/image\/","url":"https:\/\/winandoffice.de\/wp-content\/uploads\/2020\/12\/winandoffice-logo-windows-microsoft-software-1.png","contentUrl":"https:\/\/winandoffice.de\/wp-content\/uploads\/2020\/12\/winandoffice-logo-windows-microsoft-software-1.png","width":318,"height":86,"caption":"Win &amp; Office"},"image":{"@id":"https:\/\/winandoffice.de\/#\/schema\/logo\/image\/"}}]}},"_links":{"self":[{"href":"https:\/\/winandoffice.de\/en\/wp-json\/wp\/v2\/product\/18851","targetHints":{"allow":["GET"]}}],"collection":[{"href":"https:\/\/winandoffice.de\/en\/wp-json\/wp\/v2\/product"}],"about":[{"href":"https:\/\/winandoffice.de\/en\/wp-json\/wp\/v2\/types\/product"}],"replies":[{"embeddable":true,"href":"https:\/\/winandoffice.de\/en\/wp-json\/wp\/v2\/comments?post=18851"}],"wp:featuredmedia":[{"embeddable":true,"href":"https:\/\/winandoffice.de\/en\/wp-json\/wp\/v2\/media\/18860"}],"wp:attachment":[{"href":"https:\/\/winandoffice.de\/en\/wp-json\/wp\/v2\/media?parent=18851"}],"wp:term":[{"taxonomy":"product_brand","embeddable":true,"href":"https:\/\/winandoffice.de\/en\/wp-json\/wp\/v2\/product_brand?post=18851"},{"taxonomy":"product_cat","embeddable":true,"href":"https:\/\/winandoffice.de\/en\/wp-json\/wp\/v2\/product_cat?post=18851"},{"taxonomy":"product_tag","embeddable":true,"href":"https:\/\/winandoffice.de\/en\/wp-json\/wp\/v2\/product_tag?post=18851"}],"curies":[{"name":"wp","href":"https:\/\/api.w.org\/{rel}","templated":true}]}}