{"id":18804,"date":"2025-12-09T04:11:06","date_gmt":"2025-12-09T03:11:06","guid":{"rendered":"https:\/\/winandoffice.de\/?post_type=product&#038;p=18804"},"modified":"2025-12-11T22:53:16","modified_gmt":"2025-12-11T21:53:16","slug":"w10p-o19pp-p19p-v19p","status":"publish","type":"product","link":"https:\/\/winandoffice.de\/en\/product\/w10p-o19pp-p19p-v19p\/","title":{"rendered":"Microsoft Windows 10 Pro + Microsoft Office 2019 Pro Plus + Microsoft Project 2019 Pro + Microsoft Visio 2019 Pro license for 3 PCs"},"content":{"rendered":"<p>Save time and money with our Microsoft combo consisting of the most recent versions of Windows, Office, Visio, and Project.<\/p>\n<ul>\n<li>Windows 10 Professional<\/li>\n<li>Office 2019 Professional Plus<\/li>\n<li>Visio 2019 Professional<\/li>\n<li>Project 2019 Professional<\/li>\n<\/ul>\n<hr \/>\n<p><strong>Microsoft Windows 10 Professional<\/strong><\/p>\n<p>With Windows 10 Pro, you have a reliable operating system on your device. You benefit from faster system starts, a familiar but improved start menu, and new ways to complete things quickly. You'll also get new features like a brand new browser to help you surf the web, and your personal digital assistant Cortana. Cortana is your personal digital assistant that will follow you on all your Windows 10 devices and help you get things done. Cortana learns more about you over time and can support you better every day. Windows 10 Pro optimally supports you in everything you do.<\/p>\n<p><strong>Microsoft OneDrive 2019 Professional Plus<\/strong><\/p>\n<p>Opt for Office 2019 Professional Plus today and you will receive the newest and most modern office solution from Microsoft. In addition to the traditional applications, you automatically get access to browser-based apps and Skype for Business. With simplified communication, you can work more effectively with others.<\/p>\n<p>Everything you need at a glance<\/p>\n<ul>\n<li><strong>Word 2019 <\/strong>\u2013 for the creation and editing of your texts and documents<\/li>\n<li><strong>Excel 2019 <\/strong>\u2013 for processing data records in tabular form<\/li>\n<li><strong>PowerPoint 2019 <\/strong>\u2013 for the creation of inspiring presentations<\/li>\n<li><strong>Outlook for 2019<\/strong> \u2013 for managing your emails, contacts, schedules, and tasks<\/li>\n<li><strong>Publisher 2019<\/strong> \u2013 for easily creating professional-looking publications<\/li>\n<li><strong>Access 2019<\/strong> \u2013 for database creation with internet access<\/li>\n<li><strong>Lync 2019<\/strong> (Skype for Business) \u2013 for increasing productivity through instant messaging and easy communication and collaboration with HD video conferencing<\/li>\n<li><strong>Web apps<\/strong> (Word, Excel, PowerPoint)<\/li>\n<\/ul>\n<p>OneNote is no longer part of the Office package; it is now included in the Windows 10 operating system, which is required to use Office 2019. <strong>Older Windows versions are not supported.<\/strong><\/p>\n<p><strong>Microsoft 1TB 3TB 2019 Professional<\/strong><\/p>\n<p>Visio 2019 is a powerful diagramming application that lets you work visually to create all sorts of diagrams and is industry-leading with over 12 million users. Visio 2019 makes it easier to define business processes, document best practices, visualize the future state of transformative initiatives, and stay on top of operational insights in your company.<\/p>\n<p><strong>Microsoft OneNote 2019 Professional<\/strong><\/p>\n<p>Work with others to start and implement successful projects in no time. Includes all of the features of Project Standard plus collaboration in resource management, SharePoint task synchronization, timesheet submission, and more. Microsoft Project Professional 2019 offers flexible features that will help you plan projects, track status, and collaborate with others from virtually anywhere. The application offers real-time communication and instant messaging, activated directly in your project plan via Skype for Business, and consolidates all potential project resources in a single view.<\/p>\n<p><strong>Support:<\/strong><\/p>\n<p>If you have any questions, please don't hesitate to contact us. <a href=\"mailto:deutschland@softwarelizenzexpress.de\">by email<\/a>. Our customer support is available 7 days a week, 24 hours a day.<\/p>","protected":false},"excerpt":{"rendered":"<ul>\n<li>Microsoft Windows 10 Professional license for 3 PCs<\/li>\n<li>Microsoft Office 2019 Professional Plus license for 3 PCs<\/li>\n<li>Microsoft Project 2019 Pro license for 3 PCs<\/li>\n<li>Microsoft 1TB 2019 Pro license for 3 PCs<\/li>\n<li><strong>With this license, the software can be activated on 3 different devices, e.g., home PC, notebook, and work PC.<\/strong><\/li>\n<li>Version for 32- and 64-bit systems, unlimited full versions of the software <strong>from a certified Microsoft Gold Partner<\/strong><\/li>\n<li><strong>30-day full refund \u2013 Lifetime replacement guarantee!<\/strong><\/li>\n<li>Delivery by email: product key, instructions, download links, invoice<\/li>\n<li>Download immediately!<\/li>\n<li>No time limit, no subscription<\/li>\n<li>Free 24\/7 support for problems with installation and activation<\/li>\n<li>No delivery on data carriers (USB, CD, etc.)<\/li>\n<li>Activation online and by phone<\/li>\n<li>Languages: English, Spanish, Italian, German, French<\/li>\n<li><strong><span style=\"color: #008000;\"> This product is compatible with Microsoft Windows.<\/span><\/strong><\/li>\n<li><strong><span style=\"color: #ff0000;\">NOT compatible with Apple macOS\u2122, Android devices, and Chromebooks.<\/span><\/strong><\/li>\n<\/ul>","protected":false},"featured_media":18819,"comment_status":"open","ping_status":"closed","template":"","meta":{"_acf_changed":false},"product_brand":[],"product_cat":[1348,1352,1349,1350,1345,1351],"product_tag":[],"class_list":{"0":"post-18804","1":"product","2":"type-product","3":"status-publish","4":"has-post-thumbnail","6":"product_cat-combos","7":"product_cat-microsoft-office","8":"product_cat-microsoft-project","9":"product_cat-microsoft-visio","10":"product_cat-windows-desktop","11":"product_cat-woechentliche-angebote","13":"first","14":"instock","15":"sale","16":"virtual","17":"taxable","18":"purchasable","19":"product-type-simple"},"yoast_head":"<!-- This site is optimized with the Yoast SEO plugin v27.3 - https:\/\/yoast.com\/product\/yoast-seo-wordpress\/ -->\n<title>Microsoft Windows 10 Pro + Microsoft Office 2019 Pro Plus + Microsoft Project 2019 Pro + Microsoft Visio 2019 Pro Lizenz f\u00fcr 3 PC - Win &amp; Office<\/title>\n<meta name=\"robots\" content=\"index, follow, max-snippet:-1, max-image-preview:large, max-video-preview:-1\" \/>\n<link rel=\"canonical\" href=\"https:\/\/winandoffice.de\/en\/product\/w10p-o19pp-p19p-v19p\/\" \/>\n<meta property=\"og:locale\" content=\"en_US\" \/>\n<meta property=\"og:type\" content=\"article\" \/>\n<meta property=\"og:title\" content=\"Microsoft Windows 10 Pro + Microsoft Office 2019 Pro Plus + Microsoft Project 2019 Pro + Microsoft Visio 2019 Pro Lizenz f\u00fcr 3 PC - Win &amp; Office\" \/>\n<meta property=\"og:description\" content=\"Microsoft Windows 10 Professional Lizenz f\u00fcr 3 PC  Microsoft Office 2019 Professional Plus Lizenz f\u00fcr 3 PC  Microsoft Project 2019 Pro Lizenz f\u00fcr 3 PC  Microsoft Visio 2019 Pro Lizenz f\u00fcr 3 PC  Mit dieser Lizenz kann die Software auf 3 verschiedenen Ger\u00e4ten aktiviert werden, z.B. Heim-PC, Notebook und Arbeits-PC.  Version f\u00fcr 32- und 64-Bit-Systeme, unbegrenzte Vollversionen der Software vom zertifizierten Microsoft Gold Partner  30 Tage volle R\u00fcckerstattung - Lebenslange Ersatzgarantie!  Lieferung per E-Mail: Produktschl\u00fcssel, Anleitung, Download-Links, Rechnung  Sofortiger Download!  Keine zeitliche Begrenzung, kein Abonnement  Kostenloser 24\/7-Support bei Problemen mit der Installation und Aktivierung  Keine Lieferung auf Datentr\u00e4ger (USB, CD, etc.)  Aktivierung online und per Telefon  Sprachen: Englisch, Spanisch, Italienisch, Deutsch, Franz\u00f6sisch   Dieses Produkt ist mit Microsoft Windows kompatibel.  NICHT kompatibel mit Apple macOS\u2122, Android-Ger\u00e4ten und Chromebooks.\" \/>\n<meta property=\"og:url\" content=\"https:\/\/winandoffice.de\/en\/product\/w10p-o19pp-p19p-v19p\/\" \/>\n<meta property=\"og:site_name\" content=\"Win &amp; Office\" \/>\n<meta property=\"article:modified_time\" content=\"2025-12-11T21:53:16+00:00\" \/>\n<meta property=\"og:image\" content=\"https:\/\/winandoffice.de\/wp-content\/uploads\/2025\/12\/W10PO19PP19PV19P.png\" \/>\n\t<meta property=\"og:image:width\" content=\"600\" \/>\n\t<meta property=\"og:image:height\" content=\"600\" \/>\n\t<meta property=\"og:image:type\" content=\"image\/png\" \/>\n<meta name=\"twitter:card\" content=\"summary_large_image\" \/>\n<meta name=\"twitter:label1\" content=\"Est. reading time\" \/>\n\t<meta name=\"twitter:data1\" content=\"2 minutes\" \/>\n<script type=\"application\/ld+json\" class=\"yoast-schema-graph\">{\"@context\":\"https:\\\/\\\/schema.org\",\"@graph\":[{\"@type\":\"WebPage\",\"@id\":\"https:\\\/\\\/winandoffice.de\\\/en\\\/product\\\/w10p-o19pp-p19p-v19p\\\/\",\"url\":\"https:\\\/\\\/winandoffice.de\\\/en\\\/product\\\/w10p-o19pp-p19p-v19p\\\/\",\"name\":\"Microsoft Windows 10 Pro + Microsoft Office 2019 Pro Plus + Microsoft Project 2019 Pro + Microsoft Visio 2019 Pro Lizenz f\u00fcr 3 PC - Win &amp; Office\",\"isPartOf\":{\"@id\":\"https:\\\/\\\/winandoffice.de\\\/#website\"},\"primaryImageOfPage\":{\"@id\":\"https:\\\/\\\/winandoffice.de\\\/en\\\/product\\\/w10p-o19pp-p19p-v19p\\\/#primaryimage\"},\"image\":{\"@id\":\"https:\\\/\\\/winandoffice.de\\\/en\\\/product\\\/w10p-o19pp-p19p-v19p\\\/#primaryimage\"},\"thumbnailUrl\":\"https:\\\/\\\/winandoffice.de\\\/wp-content\\\/uploads\\\/2025\\\/12\\\/W10PO19PP19PV19P.png\",\"datePublished\":\"2025-12-09T03:11:06+00:00\",\"dateModified\":\"2025-12-11T21:53:16+00:00\",\"breadcrumb\":{\"@id\":\"https:\\\/\\\/winandoffice.de\\\/en\\\/product\\\/w10p-o19pp-p19p-v19p\\\/#breadcrumb\"},\"inLanguage\":\"en-US\",\"potentialAction\":[{\"@type\":\"ReadAction\",\"target\":[\"https:\\\/\\\/winandoffice.de\\\/en\\\/product\\\/w10p-o19pp-p19p-v19p\\\/\"]}]},{\"@type\":\"ImageObject\",\"inLanguage\":\"en-US\",\"@id\":\"https:\\\/\\\/winandoffice.de\\\/en\\\/product\\\/w10p-o19pp-p19p-v19p\\\/#primaryimage\",\"url\":\"https:\\\/\\\/winandoffice.de\\\/wp-content\\\/uploads\\\/2025\\\/12\\\/W10PO19PP19PV19P.png\",\"contentUrl\":\"https:\\\/\\\/winandoffice.de\\\/wp-content\\\/uploads\\\/2025\\\/12\\\/W10PO19PP19PV19P.png\",\"width\":600,\"height\":600},{\"@type\":\"BreadcrumbList\",\"@id\":\"https:\\\/\\\/winandoffice.de\\\/en\\\/product\\\/w10p-o19pp-p19p-v19p\\\/#breadcrumb\",\"itemListElement\":[{\"@type\":\"ListItem\",\"position\":1,\"name\":\"Home\",\"item\":\"https:\\\/\\\/winandoffice.de\\\/en\\\/\"},{\"@type\":\"ListItem\",\"position\":2,\"name\":\"Shop\",\"item\":\"https:\\\/\\\/winandoffice.de\\\/shop\\\/\"},{\"@type\":\"ListItem\",\"position\":3,\"name\":\"Microsoft Windows 10 Pro + Microsoft Office 2019 Pro Plus + Microsoft Project 2019 Pro + Microsoft Visio 2019 Pro Lizenz f\u00fcr 3 PC\"}]},{\"@type\":\"WebSite\",\"@id\":\"https:\\\/\\\/winandoffice.de\\\/#website\",\"url\":\"https:\\\/\\\/winandoffice.de\\\/\",\"name\":\"Win & Office\",\"description\":\"Shop Win &amp; Office\",\"publisher\":{\"@id\":\"https:\\\/\\\/winandoffice.de\\\/#organization\"},\"potentialAction\":[{\"@type\":\"SearchAction\",\"target\":{\"@type\":\"EntryPoint\",\"urlTemplate\":\"https:\\\/\\\/winandoffice.de\\\/?s={search_term_string}\"},\"query-input\":{\"@type\":\"PropertyValueSpecification\",\"valueRequired\":true,\"valueName\":\"search_term_string\"}}],\"inLanguage\":\"en-US\"},{\"@type\":\"Organization\",\"@id\":\"https:\\\/\\\/winandoffice.de\\\/#organization\",\"name\":\"Win & Office\",\"url\":\"https:\\\/\\\/winandoffice.de\\\/\",\"logo\":{\"@type\":\"ImageObject\",\"inLanguage\":\"en-US\",\"@id\":\"https:\\\/\\\/winandoffice.de\\\/#\\\/schema\\\/logo\\\/image\\\/\",\"url\":\"https:\\\/\\\/winandoffice.de\\\/wp-content\\\/uploads\\\/2020\\\/12\\\/winandoffice-logo-windows-microsoft-software-1.png\",\"contentUrl\":\"https:\\\/\\\/winandoffice.de\\\/wp-content\\\/uploads\\\/2020\\\/12\\\/winandoffice-logo-windows-microsoft-software-1.png\",\"width\":318,\"height\":86,\"caption\":\"Win & Office\"},\"image\":{\"@id\":\"https:\\\/\\\/winandoffice.de\\\/#\\\/schema\\\/logo\\\/image\\\/\"}}]}<\/script>\n<!-- \/ Yoast SEO plugin. -->","yoast_head_json":{"title":"Microsoft Windows 10 Pro + Microsoft Office 2019 Pro Plus + Microsoft Project 2019 Pro + Microsoft Visio 2019 Pro Lizenz f\u00fcr 3 PC - Win &amp; Office","robots":{"index":"index","follow":"follow","max-snippet":"max-snippet:-1","max-image-preview":"max-image-preview:large","max-video-preview":"max-video-preview:-1"},"canonical":"https:\/\/winandoffice.de\/en\/product\/w10p-o19pp-p19p-v19p\/","og_locale":"en_US","og_type":"article","og_title":"Microsoft Windows 10 Pro + Microsoft Office 2019 Pro Plus + Microsoft Project 2019 Pro + Microsoft Visio 2019 Pro Lizenz f\u00fcr 3 PC - Win &amp; Office","og_description":"Microsoft Windows 10 Professional Lizenz f\u00fcr 3 PC  Microsoft Office 2019 Professional Plus Lizenz f\u00fcr 3 PC  Microsoft Project 2019 Pro Lizenz f\u00fcr 3 PC  Microsoft Visio 2019 Pro Lizenz f\u00fcr 3 PC  Mit dieser Lizenz kann die Software auf 3 verschiedenen Ger\u00e4ten aktiviert werden, z.B. Heim-PC, Notebook und Arbeits-PC.  Version f\u00fcr 32- und 64-Bit-Systeme, unbegrenzte Vollversionen der Software vom zertifizierten Microsoft Gold Partner  30 Tage volle R\u00fcckerstattung - Lebenslange Ersatzgarantie!  Lieferung per E-Mail: Produktschl\u00fcssel, Anleitung, Download-Links, Rechnung  Sofortiger Download!  Keine zeitliche Begrenzung, kein Abonnement  Kostenloser 24\/7-Support bei Problemen mit der Installation und Aktivierung  Keine Lieferung auf Datentr\u00e4ger (USB, CD, etc.)  Aktivierung online und per Telefon  Sprachen: Englisch, Spanisch, Italienisch, Deutsch, Franz\u00f6sisch   Dieses Produkt ist mit Microsoft Windows kompatibel.  NICHT kompatibel mit Apple macOS\u2122, Android-Ger\u00e4ten und Chromebooks.","og_url":"https:\/\/winandoffice.de\/en\/product\/w10p-o19pp-p19p-v19p\/","og_site_name":"Win &amp; Office","article_modified_time":"2025-12-11T21:53:16+00:00","og_image":[{"width":600,"height":600,"url":"https:\/\/winandoffice.de\/wp-content\/uploads\/2025\/12\/W10PO19PP19PV19P.png","type":"image\/png"}],"twitter_card":"summary_large_image","twitter_misc":{"Est. reading time":"2 minutes"},"schema":{"@context":"https:\/\/schema.org","@graph":[{"@type":"WebPage","@id":"https:\/\/winandoffice.de\/en\/product\/w10p-o19pp-p19p-v19p\/","url":"https:\/\/winandoffice.de\/en\/product\/w10p-o19pp-p19p-v19p\/","name":"Microsoft Windows 10 Pro + Microsoft Office 2019 Pro Plus + Microsoft Project 2019 Pro + Microsoft Visio 2019 Pro Lizenz f\u00fcr 3 PC - Win &amp; Office","isPartOf":{"@id":"https:\/\/winandoffice.de\/#website"},"primaryImageOfPage":{"@id":"https:\/\/winandoffice.de\/en\/product\/w10p-o19pp-p19p-v19p\/#primaryimage"},"image":{"@id":"https:\/\/winandoffice.de\/en\/product\/w10p-o19pp-p19p-v19p\/#primaryimage"},"thumbnailUrl":"https:\/\/winandoffice.de\/wp-content\/uploads\/2025\/12\/W10PO19PP19PV19P.png","datePublished":"2025-12-09T03:11:06+00:00","dateModified":"2025-12-11T21:53:16+00:00","breadcrumb":{"@id":"https:\/\/winandoffice.de\/en\/product\/w10p-o19pp-p19p-v19p\/#breadcrumb"},"inLanguage":"en-US","potentialAction":[{"@type":"ReadAction","target":["https:\/\/winandoffice.de\/en\/product\/w10p-o19pp-p19p-v19p\/"]}]},{"@type":"ImageObject","inLanguage":"en-US","@id":"https:\/\/winandoffice.de\/en\/product\/w10p-o19pp-p19p-v19p\/#primaryimage","url":"https:\/\/winandoffice.de\/wp-content\/uploads\/2025\/12\/W10PO19PP19PV19P.png","contentUrl":"https:\/\/winandoffice.de\/wp-content\/uploads\/2025\/12\/W10PO19PP19PV19P.png","width":600,"height":600},{"@type":"BreadcrumbList","@id":"https:\/\/winandoffice.de\/en\/product\/w10p-o19pp-p19p-v19p\/#breadcrumb","itemListElement":[{"@type":"ListItem","position":1,"name":"Home","item":"https:\/\/winandoffice.de\/en\/"},{"@type":"ListItem","position":2,"name":"Shop","item":"https:\/\/winandoffice.de\/shop\/"},{"@type":"ListItem","position":3,"name":"Microsoft Windows 10 Pro + Microsoft Office 2019 Pro Plus + Microsoft Project 2019 Pro + Microsoft Visio 2019 Pro Lizenz f\u00fcr 3 PC"}]},{"@type":"WebSite","@id":"https:\/\/winandoffice.de\/#website","url":"https:\/\/winandoffice.de\/","name":"Win &amp; Office","description":"Shop Win &amp; Office","publisher":{"@id":"https:\/\/winandoffice.de\/#organization"},"potentialAction":[{"@type":"SearchAction","target":{"@type":"EntryPoint","urlTemplate":"https:\/\/winandoffice.de\/?s={search_term_string}"},"query-input":{"@type":"PropertyValueSpecification","valueRequired":true,"valueName":"search_term_string"}}],"inLanguage":"en-US"},{"@type":"Organization","@id":"https:\/\/winandoffice.de\/#organization","name":"Win &amp; Office","url":"https:\/\/winandoffice.de\/","logo":{"@type":"ImageObject","inLanguage":"en-US","@id":"https:\/\/winandoffice.de\/#\/schema\/logo\/image\/","url":"https:\/\/winandoffice.de\/wp-content\/uploads\/2020\/12\/winandoffice-logo-windows-microsoft-software-1.png","contentUrl":"https:\/\/winandoffice.de\/wp-content\/uploads\/2020\/12\/winandoffice-logo-windows-microsoft-software-1.png","width":318,"height":86,"caption":"Win & Office"},"image":{"@id":"https:\/\/winandoffice.de\/#\/schema\/logo\/image\/"}}]}},"acf":[],"_links":{"self":[{"href":"https:\/\/winandoffice.de\/en\/wp-json\/wp\/v2\/product\/18804","targetHints":{"allow":["GET"]}}],"collection":[{"href":"https:\/\/winandoffice.de\/en\/wp-json\/wp\/v2\/product"}],"about":[{"href":"https:\/\/winandoffice.de\/en\/wp-json\/wp\/v2\/types\/product"}],"replies":[{"embeddable":true,"href":"https:\/\/winandoffice.de\/en\/wp-json\/wp\/v2\/comments?post=18804"}],"wp:featuredmedia":[{"embeddable":true,"href":"https:\/\/winandoffice.de\/en\/wp-json\/wp\/v2\/media\/18819"}],"wp:attachment":[{"href":"https:\/\/winandoffice.de\/en\/wp-json\/wp\/v2\/media?parent=18804"}],"wp:term":[{"taxonomy":"product_brand","embeddable":true,"href":"https:\/\/winandoffice.de\/en\/wp-json\/wp\/v2\/product_brand?post=18804"},{"taxonomy":"product_cat","embeddable":true,"href":"https:\/\/winandoffice.de\/en\/wp-json\/wp\/v2\/product_cat?post=18804"},{"taxonomy":"product_tag","embeddable":true,"href":"https:\/\/winandoffice.de\/en\/wp-json\/wp\/v2\/product_tag?post=18804"}],"curies":[{"name":"wp","href":"https:\/\/api.w.org\/{rel}","templated":true}]}}