{"id":18769,"date":"2025-12-09T04:10:56","date_gmt":"2025-12-09T03:10:56","guid":{"rendered":"https:\/\/winandoffice.de\/?post_type=product&#038;p=18769"},"modified":"2025-12-11T23:03:05","modified_gmt":"2025-12-11T22:03:05","slug":"o13pp","status":"publish","type":"product","link":"https:\/\/winandoffice.de\/en\/product\/o13pp\/","title":{"rendered":"Microsoft OneNote 2013 Professional Plus license for 3 PCs"},"content":{"rendered":"<h2 data-no-translation=\"\" data-trp-gettext=\"\">Beschreibung<\/h2>\n<p>With the programs included, Microsoft Office 2013 Professional Plus meets all the requirements of comprehensive office software. Whether you want to create form letters, evaluate business figures, design presentations, create databases, or manage your emails, you can complete your professional and personal projects in no time with the Office applications.<\/p>\n<p><strong>What programs are included in Office 2013 Professional Plus?<\/strong><\/p>\n<ul>\n<li><strong>Word 2013\u00a0<\/strong>\u2013 for creating and editing your texts and documents<\/li>\n<li><strong>Excel 2013\u00a0<\/strong>\u2013 for processing data records in tabular form<\/li>\n<li><strong>PowerPoint 2013\u00a0<\/strong>\u2013 for creating captivating presentations<\/li>\n<li><strong>Outlook 2013<\/strong>\u00a0\u2013 for managing emails, contacts, appointments, and tasks<\/li>\n<li><strong>OneNote 2013<\/strong>\u00a0\u2013 for creating and managing your notes<\/li>\n<li><strong>Publisher 2013<\/strong>\u00a0\u2013 for easy creation of professional-looking publications<\/li>\n<li><strong>Access 2013<\/strong>\u00a0\u2013 for database creation with Internet access<\/li>\n<\/ul>\n<p>The programs in the Office Suite support Open XML formats in addition to OpenDocument formats. A special feature: PDF files can be displayed and edited in Word. Microsoft Office Professional Plus 2013 also emphasizes mobility. With the help of OneDrive cloud storage, central data access is possible from various end devices. For this purpose, the program can also be adapted to touch devices. This gives users access via desktop PC, notebook, tablet, hybrid device, or smartphone.<\/p>\n<p>The Lync (Skype for Business) messenger application simplifies internal and external communication within companies. Users can chat, use IP telephony, or participate in video conferences via various communication media. InfoPath, on the other hand, allows electronic forms to be integrated into work and shared with the desired people. Overall, these additional applications in Microsoft Office 2013 Pro Plus allow communication channels to be used more efficiently. Data is more easily accessible. Users can compile and edit it more easily.<\/p>\n<p><strong>System requirements:<\/strong><\/p>\n<ul>\n<li>1.4 GHz, dual-core processor<\/li>\n<li>Windows 7, Windows 8, Windows 10<\/li>\n<li>1 GB (32-bit), 2 GB (64-bit) RAM<\/li>\n<li>3 GB of available hard disk space<\/li>\n<li>Graphics acceleration requires a DirectX 9 compatible graphics card.<\/li>\n<\/ul>","protected":false},"excerpt":{"rendered":"<ul>\n<li>Microsoft OneNote 2013 Professional Plus license for 3 PCs<\/li>\n<li><strong>With this license, the software can be activated on 3 different devices, e.g., home PC, notebook, and work PC.<\/strong><\/li>\n<li>Version for 32- and 64-bit systems, unlimited full versions of the software <strong>from a certified Microsoft Gold Partner<\/strong><\/li>\n<li><strong>30-day full refund \u2013 Lifetime replacement guarantee!<\/strong><\/li>\n<li>Delivery by email: product key, instructions, download links, invoice<\/li>\n<li>Download immediately!<\/li>\n<li>No time limit, no subscription<\/li>\n<li>Free 24\/7 support for problems with installation and activation<\/li>\n<li>No delivery on data carriers (USB, CD, etc.)<\/li>\n<li>Activation online and by phone<\/li>\n<li>Languages: English, Spanish, Italian, German, French<\/li>\n<li><strong><span style=\"color: #008000;\"> This product is compatible with Microsoft Windows.<\/span><\/strong><\/li>\n<li><strong><span style=\"color: #ff0000;\">NOT compatible with Apple macOS\u2122, Android devices, and Chromebooks.<\/span><\/strong><\/li>\n<\/ul>","protected":false},"featured_media":18783,"comment_status":"open","ping_status":"closed","template":"","meta":{"_acf_changed":false},"product_brand":[],"product_cat":[1352],"product_tag":[1268],"class_list":{"0":"post-18769","1":"product","2":"type-product","3":"status-publish","4":"has-post-thumbnail","6":"product_cat-microsoft-office","7":"product_tag-ms-office","9":"first","10":"instock","11":"sale","12":"virtual","13":"taxable","14":"purchasable","15":"product-type-simple"},"yoast_head":"<!-- This site is optimized with the Yoast SEO plugin v27.3 - https:\/\/yoast.com\/product\/yoast-seo-wordpress\/ -->\n<title>Microsoft Office 2013 Professional Plus Lizenz f\u00fcr 3 PC - Win &amp; Office<\/title>\n<meta name=\"robots\" content=\"index, follow, max-snippet:-1, max-image-preview:large, max-video-preview:-1\" \/>\n<link rel=\"canonical\" href=\"https:\/\/winandoffice.de\/en\/product\/o13pp\/\" \/>\n<meta property=\"og:locale\" content=\"en_US\" \/>\n<meta property=\"og:type\" content=\"article\" \/>\n<meta property=\"og:title\" content=\"Microsoft Office 2013 Professional Plus Lizenz f\u00fcr 3 PC - Win &amp; Office\" \/>\n<meta property=\"og:description\" content=\"Microsoft Office 2013 Professional Plus Lizenz f\u00fcr 3 PC  Mit dieser Lizenz kann die Software auf 3 verschiedenen Ger\u00e4ten aktiviert werden, z.B. Heim-PC, Notebook und Arbeits-PC.  Version f\u00fcr 32- und 64-Bit-Systeme, unbegrenzte Vollversionen der Software vom zertifizierten Microsoft Gold Partner  30 Tage volle R\u00fcckerstattung - Lebenslange Ersatzgarantie!  Lieferung per E-Mail: Produktschl\u00fcssel, Anleitung, Download-Links, Rechnung  Sofortiger Download!  Keine zeitliche Begrenzung, kein Abonnement  Kostenloser 24\/7-Support bei Problemen mit der Installation und Aktivierung  Keine Lieferung auf Datentr\u00e4ger (USB, CD, etc.)  Aktivierung online und per Telefon  Sprachen: Englisch, Spanisch, Italienisch, Deutsch, Franz\u00f6sisch   Dieses Produkt ist mit Microsoft Windows kompatibel.  NICHT kompatibel mit Apple macOS\u2122, Android-Ger\u00e4ten und Chromebooks.\" \/>\n<meta property=\"og:url\" content=\"https:\/\/winandoffice.de\/en\/product\/o13pp\/\" \/>\n<meta property=\"og:site_name\" content=\"Win &amp; Office\" \/>\n<meta property=\"article:modified_time\" content=\"2025-12-11T22:03:05+00:00\" \/>\n<meta property=\"og:image\" content=\"https:\/\/winandoffice.de\/wp-content\/uploads\/2025\/12\/O13P.png\" \/>\n\t<meta property=\"og:image:width\" content=\"600\" \/>\n\t<meta property=\"og:image:height\" content=\"600\" \/>\n\t<meta property=\"og:image:type\" content=\"image\/png\" \/>\n<meta name=\"twitter:card\" content=\"summary_large_image\" \/>\n<meta name=\"twitter:label1\" content=\"Est. reading time\" \/>\n\t<meta name=\"twitter:data1\" content=\"2 minutes\" \/>\n<script type=\"application\/ld+json\" class=\"yoast-schema-graph\">{\"@context\":\"https:\\\/\\\/schema.org\",\"@graph\":[{\"@type\":\"WebPage\",\"@id\":\"https:\\\/\\\/winandoffice.de\\\/product\\\/o13pp\\\/\",\"url\":\"https:\\\/\\\/winandoffice.de\\\/product\\\/o13pp\\\/\",\"name\":\"Microsoft Office 2013 Professional Plus Lizenz f\u00fcr 3 PC - Win &amp; Office\",\"isPartOf\":{\"@id\":\"https:\\\/\\\/winandoffice.de\\\/#website\"},\"primaryImageOfPage\":{\"@id\":\"https:\\\/\\\/winandoffice.de\\\/product\\\/o13pp\\\/#primaryimage\"},\"image\":{\"@id\":\"https:\\\/\\\/winandoffice.de\\\/product\\\/o13pp\\\/#primaryimage\"},\"thumbnailUrl\":\"https:\\\/\\\/winandoffice.de\\\/wp-content\\\/uploads\\\/2025\\\/12\\\/O13P.png\",\"datePublished\":\"2025-12-09T03:10:56+00:00\",\"dateModified\":\"2025-12-11T22:03:05+00:00\",\"breadcrumb\":{\"@id\":\"https:\\\/\\\/winandoffice.de\\\/product\\\/o13pp\\\/#breadcrumb\"},\"inLanguage\":\"en-US\",\"potentialAction\":[{\"@type\":\"ReadAction\",\"target\":[\"https:\\\/\\\/winandoffice.de\\\/product\\\/o13pp\\\/\"]}]},{\"@type\":\"ImageObject\",\"inLanguage\":\"en-US\",\"@id\":\"https:\\\/\\\/winandoffice.de\\\/product\\\/o13pp\\\/#primaryimage\",\"url\":\"https:\\\/\\\/winandoffice.de\\\/wp-content\\\/uploads\\\/2025\\\/12\\\/O13P.png\",\"contentUrl\":\"https:\\\/\\\/winandoffice.de\\\/wp-content\\\/uploads\\\/2025\\\/12\\\/O13P.png\",\"width\":600,\"height\":600},{\"@type\":\"BreadcrumbList\",\"@id\":\"https:\\\/\\\/winandoffice.de\\\/product\\\/o13pp\\\/#breadcrumb\",\"itemListElement\":[{\"@type\":\"ListItem\",\"position\":1,\"name\":\"Home\",\"item\":\"https:\\\/\\\/winandoffice.de\\\/en\\\/\"},{\"@type\":\"ListItem\",\"position\":2,\"name\":\"Shop\",\"item\":\"https:\\\/\\\/winandoffice.de\\\/shop\\\/\"},{\"@type\":\"ListItem\",\"position\":3,\"name\":\"Microsoft Office 2013 Professional Plus Lizenz f\u00fcr 3 PC\"}]},{\"@type\":\"WebSite\",\"@id\":\"https:\\\/\\\/winandoffice.de\\\/#website\",\"url\":\"https:\\\/\\\/winandoffice.de\\\/\",\"name\":\"Win & Office\",\"description\":\"Shop Win &amp; Office\",\"publisher\":{\"@id\":\"https:\\\/\\\/winandoffice.de\\\/#organization\"},\"potentialAction\":[{\"@type\":\"SearchAction\",\"target\":{\"@type\":\"EntryPoint\",\"urlTemplate\":\"https:\\\/\\\/winandoffice.de\\\/?s={search_term_string}\"},\"query-input\":{\"@type\":\"PropertyValueSpecification\",\"valueRequired\":true,\"valueName\":\"search_term_string\"}}],\"inLanguage\":\"en-US\"},{\"@type\":\"Organization\",\"@id\":\"https:\\\/\\\/winandoffice.de\\\/#organization\",\"name\":\"Win & Office\",\"url\":\"https:\\\/\\\/winandoffice.de\\\/\",\"logo\":{\"@type\":\"ImageObject\",\"inLanguage\":\"en-US\",\"@id\":\"https:\\\/\\\/winandoffice.de\\\/#\\\/schema\\\/logo\\\/image\\\/\",\"url\":\"https:\\\/\\\/winandoffice.de\\\/wp-content\\\/uploads\\\/2020\\\/12\\\/winandoffice-logo-windows-microsoft-software-1.png\",\"contentUrl\":\"https:\\\/\\\/winandoffice.de\\\/wp-content\\\/uploads\\\/2020\\\/12\\\/winandoffice-logo-windows-microsoft-software-1.png\",\"width\":318,\"height\":86,\"caption\":\"Win & Office\"},\"image\":{\"@id\":\"https:\\\/\\\/winandoffice.de\\\/#\\\/schema\\\/logo\\\/image\\\/\"}}]}<\/script>\n<!-- \/ Yoast SEO plugin. -->","yoast_head_json":{"title":"Microsoft Office 2013 Professional Plus License for 3 PC - Win &amp; Office","robots":{"index":"index","follow":"follow","max-snippet":"max-snippet:-1","max-image-preview":"max-image-preview:large","max-video-preview":"max-video-preview:-1"},"canonical":"https:\/\/winandoffice.de\/en\/product\/o13pp\/","og_locale":"en_US","og_type":"article","og_title":"Microsoft Office 2013 Professional Plus Lizenz f\u00fcr 3 PC - Win &amp; Office","og_description":"Microsoft Office 2013 Professional Plus Lizenz f\u00fcr 3 PC  Mit dieser Lizenz kann die Software auf 3 verschiedenen Ger\u00e4ten aktiviert werden, z.B. Heim-PC, Notebook und Arbeits-PC.  Version f\u00fcr 32- und 64-Bit-Systeme, unbegrenzte Vollversionen der Software vom zertifizierten Microsoft Gold Partner  30 Tage volle R\u00fcckerstattung - Lebenslange Ersatzgarantie!  Lieferung per E-Mail: Produktschl\u00fcssel, Anleitung, Download-Links, Rechnung  Sofortiger Download!  Keine zeitliche Begrenzung, kein Abonnement  Kostenloser 24\/7-Support bei Problemen mit der Installation und Aktivierung  Keine Lieferung auf Datentr\u00e4ger (USB, CD, etc.)  Aktivierung online und per Telefon  Sprachen: Englisch, Spanisch, Italienisch, Deutsch, Franz\u00f6sisch   Dieses Produkt ist mit Microsoft Windows kompatibel.  NICHT kompatibel mit Apple macOS\u2122, Android-Ger\u00e4ten und Chromebooks.","og_url":"https:\/\/winandoffice.de\/en\/product\/o13pp\/","og_site_name":"Win &amp; Office","article_modified_time":"2025-12-11T22:03:05+00:00","og_image":[{"width":600,"height":600,"url":"https:\/\/winandoffice.de\/wp-content\/uploads\/2025\/12\/O13P.png","type":"image\/png"}],"twitter_card":"summary_large_image","twitter_misc":{"Est. reading time":"2 minutes"},"schema":{"@context":"https:\/\/schema.org","@graph":[{"@type":"WebPage","@id":"https:\/\/winandoffice.de\/product\/o13pp\/","url":"https:\/\/winandoffice.de\/product\/o13pp\/","name":"Microsoft Office 2013 Professional Plus License for 3 PC - Win &amp; Office","isPartOf":{"@id":"https:\/\/winandoffice.de\/#website"},"primaryImageOfPage":{"@id":"https:\/\/winandoffice.de\/product\/o13pp\/#primaryimage"},"image":{"@id":"https:\/\/winandoffice.de\/product\/o13pp\/#primaryimage"},"thumbnailUrl":"https:\/\/winandoffice.de\/wp-content\/uploads\/2025\/12\/O13P.png","datePublished":"2025-12-09T03:10:56+00:00","dateModified":"2025-12-11T22:03:05+00:00","breadcrumb":{"@id":"https:\/\/winandoffice.de\/product\/o13pp\/#breadcrumb"},"inLanguage":"en-US","potentialAction":[{"@type":"ReadAction","target":["https:\/\/winandoffice.de\/product\/o13pp\/"]}]},{"@type":"ImageObject","inLanguage":"en-US","@id":"https:\/\/winandoffice.de\/product\/o13pp\/#primaryimage","url":"https:\/\/winandoffice.de\/wp-content\/uploads\/2025\/12\/O13P.png","contentUrl":"https:\/\/winandoffice.de\/wp-content\/uploads\/2025\/12\/O13P.png","width":600,"height":600},{"@type":"BreadcrumbList","@id":"https:\/\/winandoffice.de\/product\/o13pp\/#breadcrumb","itemListElement":[{"@type":"ListItem","position":1,"name":"Home","item":"https:\/\/winandoffice.de\/en\/"},{"@type":"ListItem","position":2,"name":"Shop","item":"https:\/\/winandoffice.de\/shop\/"},{"@type":"ListItem","position":3,"name":"Microsoft Office 2013 Professional Plus Lizenz f\u00fcr 3 PC"}]},{"@type":"WebSite","@id":"https:\/\/winandoffice.de\/#website","url":"https:\/\/winandoffice.de\/","name":"Win &amp; Office","description":"Shop Win &amp; Office","publisher":{"@id":"https:\/\/winandoffice.de\/#organization"},"potentialAction":[{"@type":"SearchAction","target":{"@type":"EntryPoint","urlTemplate":"https:\/\/winandoffice.de\/?s={search_term_string}"},"query-input":{"@type":"PropertyValueSpecification","valueRequired":true,"valueName":"search_term_string"}}],"inLanguage":"en-US"},{"@type":"Organization","@id":"https:\/\/winandoffice.de\/#organization","name":"Win &amp; Office","url":"https:\/\/winandoffice.de\/","logo":{"@type":"ImageObject","inLanguage":"en-US","@id":"https:\/\/winandoffice.de\/#\/schema\/logo\/image\/","url":"https:\/\/winandoffice.de\/wp-content\/uploads\/2020\/12\/winandoffice-logo-windows-microsoft-software-1.png","contentUrl":"https:\/\/winandoffice.de\/wp-content\/uploads\/2020\/12\/winandoffice-logo-windows-microsoft-software-1.png","width":318,"height":86,"caption":"Win & Office"},"image":{"@id":"https:\/\/winandoffice.de\/#\/schema\/logo\/image\/"}}]}},"acf":[],"_links":{"self":[{"href":"https:\/\/winandoffice.de\/en\/wp-json\/wp\/v2\/product\/18769","targetHints":{"allow":["GET"]}}],"collection":[{"href":"https:\/\/winandoffice.de\/en\/wp-json\/wp\/v2\/product"}],"about":[{"href":"https:\/\/winandoffice.de\/en\/wp-json\/wp\/v2\/types\/product"}],"replies":[{"embeddable":true,"href":"https:\/\/winandoffice.de\/en\/wp-json\/wp\/v2\/comments?post=18769"}],"wp:featuredmedia":[{"embeddable":true,"href":"https:\/\/winandoffice.de\/en\/wp-json\/wp\/v2\/media\/18783"}],"wp:attachment":[{"href":"https:\/\/winandoffice.de\/en\/wp-json\/wp\/v2\/media?parent=18769"}],"wp:term":[{"taxonomy":"product_brand","embeddable":true,"href":"https:\/\/winandoffice.de\/en\/wp-json\/wp\/v2\/product_brand?post=18769"},{"taxonomy":"product_cat","embeddable":true,"href":"https:\/\/winandoffice.de\/en\/wp-json\/wp\/v2\/product_cat?post=18769"},{"taxonomy":"product_tag","embeddable":true,"href":"https:\/\/winandoffice.de\/en\/wp-json\/wp\/v2\/product_tag?post=18769"}],"curies":[{"name":"wp","href":"https:\/\/api.w.org\/{rel}","templated":true}]}}