{"id":18762,"date":"2025-12-09T04:10:56","date_gmt":"2025-12-09T03:10:56","guid":{"rendered":"https:\/\/winandoffice.de\/?post_type=product&#038;p=18762"},"modified":"2025-12-11T23:03:05","modified_gmt":"2025-12-11T22:03:05","slug":"o19pp","status":"publish","type":"product","link":"https:\/\/winandoffice.de\/en\/product\/o19pp\/","title":{"rendered":"Microsoft Office 2019 Professional Plus license for 3 PCs"},"content":{"rendered":"<p>Choose Office 2019 Professional Plus today and get the latest office solution from Microsoft. In addition to the familiar applications, you automatically get access to browser-based apps and Skype for Business. Simplified communication allows you to collaborate with others even more effectively.<\/p>\n<p><strong>Everything you need at a glance:<\/strong><\/p>\n<ul>\n<li><strong>Word 2019\u00a0<\/strong>\u2013 for creating and editing your texts and documents<\/li>\n<li><strong>Excel 2019\u00a0<\/strong>\u2013 for processing data records in tabular form<\/li>\n<li><strong>PowerPoint 2019\u00a0<\/strong>\u2013 for creating captivating presentations<\/li>\n<li><strong>Outlook for 2019<\/strong>\u00a0\u2013 for managing emails, contacts, appointments, and tasks<\/li>\n<li><strong>Publisher 2019<\/strong>\u00a0\u2013 for easy creation of professional-looking publications<\/li>\n<li><strong>Access 2019<\/strong>\u00a0\u2013 for database creation with Internet access<\/li>\n<li><strong>Lync 2019<\/strong>\u00a0(Skype for Business) \u2013 for greater productivity through instant messaging and easy communication and collaboration with HD video conferencing<\/li>\n<li><strong>Web apps<\/strong>\u00a0(Word, Excel, PowerPoint)<\/li>\n<\/ul>\n<p>OneNote is no longer part of the Office package, but is available as a standard application in Windows 10, which is a prerequisite for using Office 2019.\u00a0<strong>Older versions of Windows are not supported.<\/strong><\/p>\n<p><strong>collaboration<\/strong><\/p>\n<p>Collaborative work is an important and decisive innovation in the Microsoft Office package. Your employees can make changes to a file or continue working on the document at the same time. This option is available for all Microsoft Office components, from Word to Excel and PowerPoint to OneNote. The files simply need to be stored on OneDrive or OneDrive for Business or SharePoint Online and shared with the relevant employees. Sharing is done simply by clicking a button in the program.<\/p>\n<p>Skype for Business is another tool in the Office 2019 Professional Plus package that promotes collaboration. Users can see the online status of team members at a glance and start a chat, internet call, group conversation, or video broadcast as needed.<\/p>\n<p><strong>Use your time more effectively with an intelligent email program<\/strong><\/p>\n<p>Your inbox can quickly become overloaded with unimportant emails and spam. This prevents you or your employees from working efficiently and wastes time. Microsoft Outlook 2019 has been further developed and expanded to include the \u201eClutter\u201c feature, which allows the program to recognize irrelevant emails and sort them out immediately. This makes your inbox clearer and allows you to focus on the tasks that really matter.<\/p>\n<p><strong>Enhanced security for your digital office<\/strong><\/p>\n<p>Another new feature is improved security with \u201eData Loss Prevention.\u201c The programs make it easier to control which information is integrated into documents and passed on. Administrators also have the option of blocking or restricting access to certain data. Furthermore, notifications alert users to potential risks of data loss. Cloud services such as OneDrive ensure that your data is not lost even if a server or device fails. You can easily access and edit your files from anywhere in the world.<\/p>\n<p><strong>System requirements:<br \/>\n<\/strong><\/p>\n<ul>\n<li>1.6 GHz, dual-core processor<\/li>\n<li>Windows 10 operating system<\/li>\n<li>2 GB (32-bit), 4 GB (64-bit) RAM<\/li>\n<li>4 GB of available hard disk space<\/li>\n<li>Graphics acceleration requires a DirectX 10 compatible graphics card.<\/li>\n<\/ul>\n<p><strong>Support:<\/strong><\/p>\n<p class=\"translation-block\">If you have any questions, please do not hesitate to contact us <a href=\"mailto:deutschland@softwarelizenzexpress.de\" target=\"_self\" rel=\"noopener\">by email<\/a>. Our customer support is available 24 hours a day, 7 days a week.<\/p>","protected":false},"excerpt":{"rendered":"<ul>\n<li>Microsoft Office 2019 Professional Plus license for 3 PCs<\/li>\n<li>Versions available for 32-bit and 64-bit systems<\/li>\n<li>Shipping by email: Product key, instructions, download links, invoice<\/li>\n<li>Instant download!<\/li>\n<li>No time limit, no subscription<\/li>\n<li>Free support for installation and activation<\/li>\n<li>No delivery on data carriers (USB, CD, etc.)<\/li>\n<li>Activation online and by phone<\/li>\n<li class=\"translation-block\">This product is <strong>NOT compatible with Apple operating systems<\/strong> (macOS, iPadOS, iOS) or <strong>Chromebooks<\/strong>.<\/li>\n<li><strong>NOT compatible with Android devices<\/strong><\/li>\n<\/ul>","protected":false},"featured_media":18781,"comment_status":"open","ping_status":"closed","template":"","meta":{"_acf_changed":false},"product_brand":[],"product_cat":[1352],"product_tag":[1267,1268,1269],"class_list":{"0":"post-18762","1":"product","2":"type-product","3":"status-publish","4":"has-post-thumbnail","6":"product_cat-microsoft-office","7":"product_tag-excellence","8":"product_tag-ms-office","9":"product_tag-security","11":"first","12":"instock","13":"sale","14":"virtual","15":"taxable","16":"purchasable","17":"product-type-simple"},"yoast_head":"<!-- This site is optimized with the Yoast SEO plugin v27.3 - https:\/\/yoast.com\/product\/yoast-seo-wordpress\/ -->\n<title>Microsoft Office 2019 Professional Plus Lizenz f\u00fcr 3 PC - Win &amp; Office<\/title>\n<meta name=\"robots\" content=\"index, follow, max-snippet:-1, max-image-preview:large, max-video-preview:-1\" \/>\n<link rel=\"canonical\" href=\"https:\/\/winandoffice.de\/en\/product\/o19pp\/\" \/>\n<meta property=\"og:locale\" content=\"en_US\" \/>\n<meta property=\"og:type\" content=\"article\" \/>\n<meta property=\"og:title\" content=\"Microsoft Office 2019 Professional Plus Lizenz f\u00fcr 3 PC - Win &amp; Office\" \/>\n<meta property=\"og:description\" content=\"Microsoft Office 2019 Professional Plus Lizenz f\u00fcr 3 PC  Versionen f\u00fcr 32 und 64 Bit Systeme verf\u00fcgbar  Versand per E-Mail: Produktschl\u00fcssel, Anleitung, Downloadlinks, Rechnung  Sofort-Download!  Keine zeitliche Begrenzung, kein Abo  Gratis Support bei der Installation und Aktivierung  Keine Lieferung auf Datentr\u00e4ger (USB, CD, usw.)  Aktivierung online und per Telefon  Dieses Produkt ist\u00a0NICHT kompatibel mit Apple Betriebssystemen\u00a0(MacOS, iPadOS, iOS),\u00a0Chromebooks  NICHT kompatibel mit Android Ger\u00e4ten\" \/>\n<meta property=\"og:url\" content=\"https:\/\/winandoffice.de\/en\/product\/o19pp\/\" \/>\n<meta property=\"og:site_name\" content=\"Win &amp; Office\" \/>\n<meta property=\"article:modified_time\" content=\"2025-12-11T22:03:05+00:00\" \/>\n<meta property=\"og:image\" content=\"https:\/\/winandoffice.de\/wp-content\/uploads\/2025\/12\/O19P.png\" \/>\n\t<meta property=\"og:image:width\" content=\"600\" \/>\n\t<meta property=\"og:image:height\" content=\"600\" \/>\n\t<meta property=\"og:image:type\" content=\"image\/png\" \/>\n<meta name=\"twitter:card\" content=\"summary_large_image\" \/>\n<meta name=\"twitter:label1\" content=\"Est. reading time\" \/>\n\t<meta name=\"twitter:data1\" content=\"3 minutes\" \/>\n<script type=\"application\/ld+json\" class=\"yoast-schema-graph\">{\"@context\":\"https:\\\/\\\/schema.org\",\"@graph\":[{\"@type\":\"WebPage\",\"@id\":\"https:\\\/\\\/winandoffice.de\\\/product\\\/o19pp\\\/\",\"url\":\"https:\\\/\\\/winandoffice.de\\\/product\\\/o19pp\\\/\",\"name\":\"Microsoft Office 2019 Professional Plus Lizenz f\u00fcr 3 PC - Win &amp; Office\",\"isPartOf\":{\"@id\":\"https:\\\/\\\/winandoffice.de\\\/#website\"},\"primaryImageOfPage\":{\"@id\":\"https:\\\/\\\/winandoffice.de\\\/product\\\/o19pp\\\/#primaryimage\"},\"image\":{\"@id\":\"https:\\\/\\\/winandoffice.de\\\/product\\\/o19pp\\\/#primaryimage\"},\"thumbnailUrl\":\"https:\\\/\\\/winandoffice.de\\\/wp-content\\\/uploads\\\/2025\\\/12\\\/O19P.png\",\"datePublished\":\"2025-12-09T03:10:56+00:00\",\"dateModified\":\"2025-12-11T22:03:05+00:00\",\"breadcrumb\":{\"@id\":\"https:\\\/\\\/winandoffice.de\\\/product\\\/o19pp\\\/#breadcrumb\"},\"inLanguage\":\"en-US\",\"potentialAction\":[{\"@type\":\"ReadAction\",\"target\":[\"https:\\\/\\\/winandoffice.de\\\/product\\\/o19pp\\\/\"]}]},{\"@type\":\"ImageObject\",\"inLanguage\":\"en-US\",\"@id\":\"https:\\\/\\\/winandoffice.de\\\/product\\\/o19pp\\\/#primaryimage\",\"url\":\"https:\\\/\\\/winandoffice.de\\\/wp-content\\\/uploads\\\/2025\\\/12\\\/O19P.png\",\"contentUrl\":\"https:\\\/\\\/winandoffice.de\\\/wp-content\\\/uploads\\\/2025\\\/12\\\/O19P.png\",\"width\":600,\"height\":600},{\"@type\":\"BreadcrumbList\",\"@id\":\"https:\\\/\\\/winandoffice.de\\\/product\\\/o19pp\\\/#breadcrumb\",\"itemListElement\":[{\"@type\":\"ListItem\",\"position\":1,\"name\":\"Home\",\"item\":\"https:\\\/\\\/winandoffice.de\\\/en\\\/\"},{\"@type\":\"ListItem\",\"position\":2,\"name\":\"Shop\",\"item\":\"https:\\\/\\\/winandoffice.de\\\/shop\\\/\"},{\"@type\":\"ListItem\",\"position\":3,\"name\":\"Microsoft Office 2019 Professional Plus Lizenz f\u00fcr 3 PC\"}]},{\"@type\":\"WebSite\",\"@id\":\"https:\\\/\\\/winandoffice.de\\\/#website\",\"url\":\"https:\\\/\\\/winandoffice.de\\\/\",\"name\":\"Win & Office\",\"description\":\"Shop Win &amp; Office\",\"publisher\":{\"@id\":\"https:\\\/\\\/winandoffice.de\\\/#organization\"},\"potentialAction\":[{\"@type\":\"SearchAction\",\"target\":{\"@type\":\"EntryPoint\",\"urlTemplate\":\"https:\\\/\\\/winandoffice.de\\\/?s={search_term_string}\"},\"query-input\":{\"@type\":\"PropertyValueSpecification\",\"valueRequired\":true,\"valueName\":\"search_term_string\"}}],\"inLanguage\":\"en-US\"},{\"@type\":\"Organization\",\"@id\":\"https:\\\/\\\/winandoffice.de\\\/#organization\",\"name\":\"Win & Office\",\"url\":\"https:\\\/\\\/winandoffice.de\\\/\",\"logo\":{\"@type\":\"ImageObject\",\"inLanguage\":\"en-US\",\"@id\":\"https:\\\/\\\/winandoffice.de\\\/#\\\/schema\\\/logo\\\/image\\\/\",\"url\":\"https:\\\/\\\/winandoffice.de\\\/wp-content\\\/uploads\\\/2020\\\/12\\\/winandoffice-logo-windows-microsoft-software-1.png\",\"contentUrl\":\"https:\\\/\\\/winandoffice.de\\\/wp-content\\\/uploads\\\/2020\\\/12\\\/winandoffice-logo-windows-microsoft-software-1.png\",\"width\":318,\"height\":86,\"caption\":\"Win & Office\"},\"image\":{\"@id\":\"https:\\\/\\\/winandoffice.de\\\/#\\\/schema\\\/logo\\\/image\\\/\"}}]}<\/script>\n<!-- \/ Yoast SEO plugin. -->","yoast_head_json":{"title":"Microsoft Office 2019 Professional Plus License for 3 PC - Win &amp; Office","robots":{"index":"index","follow":"follow","max-snippet":"max-snippet:-1","max-image-preview":"max-image-preview:large","max-video-preview":"max-video-preview:-1"},"canonical":"https:\/\/winandoffice.de\/en\/product\/o19pp\/","og_locale":"en_US","og_type":"article","og_title":"Microsoft Office 2019 Professional Plus Lizenz f\u00fcr 3 PC - Win &amp; Office","og_description":"Microsoft Office 2019 Professional Plus Lizenz f\u00fcr 3 PC  Versionen f\u00fcr 32 und 64 Bit Systeme verf\u00fcgbar  Versand per E-Mail: Produktschl\u00fcssel, Anleitung, Downloadlinks, Rechnung  Sofort-Download!  Keine zeitliche Begrenzung, kein Abo  Gratis Support bei der Installation und Aktivierung  Keine Lieferung auf Datentr\u00e4ger (USB, CD, usw.)  Aktivierung online und per Telefon  Dieses Produkt ist\u00a0NICHT kompatibel mit Apple Betriebssystemen\u00a0(MacOS, iPadOS, iOS),\u00a0Chromebooks  NICHT kompatibel mit Android Ger\u00e4ten","og_url":"https:\/\/winandoffice.de\/en\/product\/o19pp\/","og_site_name":"Win &amp; Office","article_modified_time":"2025-12-11T22:03:05+00:00","og_image":[{"width":600,"height":600,"url":"https:\/\/winandoffice.de\/wp-content\/uploads\/2025\/12\/O19P.png","type":"image\/png"}],"twitter_card":"summary_large_image","twitter_misc":{"Est. reading time":"3 minutes"},"schema":{"@context":"https:\/\/schema.org","@graph":[{"@type":"WebPage","@id":"https:\/\/winandoffice.de\/product\/o19pp\/","url":"https:\/\/winandoffice.de\/product\/o19pp\/","name":"Microsoft Office 2019 Professional Plus License for 3 PC - Win &amp; Office","isPartOf":{"@id":"https:\/\/winandoffice.de\/#website"},"primaryImageOfPage":{"@id":"https:\/\/winandoffice.de\/product\/o19pp\/#primaryimage"},"image":{"@id":"https:\/\/winandoffice.de\/product\/o19pp\/#primaryimage"},"thumbnailUrl":"https:\/\/winandoffice.de\/wp-content\/uploads\/2025\/12\/O19P.png","datePublished":"2025-12-09T03:10:56+00:00","dateModified":"2025-12-11T22:03:05+00:00","breadcrumb":{"@id":"https:\/\/winandoffice.de\/product\/o19pp\/#breadcrumb"},"inLanguage":"en-US","potentialAction":[{"@type":"ReadAction","target":["https:\/\/winandoffice.de\/product\/o19pp\/"]}]},{"@type":"ImageObject","inLanguage":"en-US","@id":"https:\/\/winandoffice.de\/product\/o19pp\/#primaryimage","url":"https:\/\/winandoffice.de\/wp-content\/uploads\/2025\/12\/O19P.png","contentUrl":"https:\/\/winandoffice.de\/wp-content\/uploads\/2025\/12\/O19P.png","width":600,"height":600},{"@type":"BreadcrumbList","@id":"https:\/\/winandoffice.de\/product\/o19pp\/#breadcrumb","itemListElement":[{"@type":"ListItem","position":1,"name":"Home","item":"https:\/\/winandoffice.de\/en\/"},{"@type":"ListItem","position":2,"name":"Shop","item":"https:\/\/winandoffice.de\/shop\/"},{"@type":"ListItem","position":3,"name":"Microsoft Office 2019 Professional Plus Lizenz f\u00fcr 3 PC"}]},{"@type":"WebSite","@id":"https:\/\/winandoffice.de\/#website","url":"https:\/\/winandoffice.de\/","name":"Win &amp; Office","description":"Shop Win &amp; Office","publisher":{"@id":"https:\/\/winandoffice.de\/#organization"},"potentialAction":[{"@type":"SearchAction","target":{"@type":"EntryPoint","urlTemplate":"https:\/\/winandoffice.de\/?s={search_term_string}"},"query-input":{"@type":"PropertyValueSpecification","valueRequired":true,"valueName":"search_term_string"}}],"inLanguage":"en-US"},{"@type":"Organization","@id":"https:\/\/winandoffice.de\/#organization","name":"Win &amp; Office","url":"https:\/\/winandoffice.de\/","logo":{"@type":"ImageObject","inLanguage":"en-US","@id":"https:\/\/winandoffice.de\/#\/schema\/logo\/image\/","url":"https:\/\/winandoffice.de\/wp-content\/uploads\/2020\/12\/winandoffice-logo-windows-microsoft-software-1.png","contentUrl":"https:\/\/winandoffice.de\/wp-content\/uploads\/2020\/12\/winandoffice-logo-windows-microsoft-software-1.png","width":318,"height":86,"caption":"Win & Office"},"image":{"@id":"https:\/\/winandoffice.de\/#\/schema\/logo\/image\/"}}]}},"acf":[],"_links":{"self":[{"href":"https:\/\/winandoffice.de\/en\/wp-json\/wp\/v2\/product\/18762","targetHints":{"allow":["GET"]}}],"collection":[{"href":"https:\/\/winandoffice.de\/en\/wp-json\/wp\/v2\/product"}],"about":[{"href":"https:\/\/winandoffice.de\/en\/wp-json\/wp\/v2\/types\/product"}],"replies":[{"embeddable":true,"href":"https:\/\/winandoffice.de\/en\/wp-json\/wp\/v2\/comments?post=18762"}],"wp:featuredmedia":[{"embeddable":true,"href":"https:\/\/winandoffice.de\/en\/wp-json\/wp\/v2\/media\/18781"}],"wp:attachment":[{"href":"https:\/\/winandoffice.de\/en\/wp-json\/wp\/v2\/media?parent=18762"}],"wp:term":[{"taxonomy":"product_brand","embeddable":true,"href":"https:\/\/winandoffice.de\/en\/wp-json\/wp\/v2\/product_brand?post=18762"},{"taxonomy":"product_cat","embeddable":true,"href":"https:\/\/winandoffice.de\/en\/wp-json\/wp\/v2\/product_cat?post=18762"},{"taxonomy":"product_tag","embeddable":true,"href":"https:\/\/winandoffice.de\/en\/wp-json\/wp\/v2\/product_tag?post=18762"}],"curies":[{"name":"wp","href":"https:\/\/api.w.org\/{rel}","templated":true}]}}