{"id":980,"date":"2019-07-25T07:45:18","date_gmt":"2019-07-25T07:45:18","guid":{"rendered":"http:\/\/windowsandoffice.net\/?page_id=980"},"modified":"2025-12-09T19:42:49","modified_gmt":"2025-12-09T18:42:49","slug":"about","status":"publish","type":"page","link":"https:\/\/winandoffice.de\/en\/about\/","title":{"rendered":"About us"},"content":{"rendered":"<p><img loading=\"lazy\" decoding=\"async\" class=\"alignnone size-medium wp-image-3225\" src=\"http:\/\/winandoffice.de\/wp-content\/uploads\/2020\/09\/logo-COLOR_Mesa-de-trabajo-1-300x81.png\" alt=\"\" width=\"300\" height=\"81\" srcset=\"https:\/\/winandoffice.de\/wp-content\/uploads\/2020\/09\/logo-COLOR_Mesa-de-trabajo-1-300x81.png 300w, https:\/\/winandoffice.de\/wp-content\/uploads\/2020\/09\/logo-COLOR_Mesa-de-trabajo-1.png 318w\" sizes=\"auto, (max-width: 300px) 100vw, 300px\" \/><\/p>\n<p><strong>About us Win&amp;Office<\/strong><\/p>\n<p><strong>Buy software conveniently and securely online \u2013 your Microsoft partner<\/strong><\/p>\n<p>Software for computers, tablets, etc. is an integral part of our working and everyday lives. Not only does it facilitate numerous work processes, it also promotes our creativity and even optimizes basic tasks. In our software store, you can purchase software online at unbeatable prices and thus exploit the full potential of your device.<\/p>\n<p>Our software store offers a wide range of products from the market-leading software company Microsoft. Every PC needs an operating system; without Windows, it would be useless. The world's most important office software, Microsoft Office, offers productive tools such as Excel, Word, and PowerPoint. These have been standard and indispensable in both private and business use for years.<\/p>\n<p>We guarantee a simple ordering process so that you can purchase your software securely and conveniently online from home. You will receive our encrypted SSL link by email, which will take you to our download center and installation instructions. If you have any questions about ordering or installation, our multilingual customer service team is always available to help\u2014either via live chat or email.<\/p>\n<p>We have been operating as an IT service provider since 2013. Thanks to excellent professional training and a great passion for IT, our employees have comprehensive expertise. Through professional consulting and a structured approach, we have won over numerous customers and secured their long-term loyalty\u2014from start-ups to international corporations to public institutions. With a well-thought-out IT service concept, we guarantee results-oriented and maximum performance for every customer. To stay up to date, we undergo regular training and adapt our skills to the market\u2014so that you too are always well informed.<\/p>\n<p>Order now and receive your software immediately thanks to our 2-minute shipping service. We place great importance on quality, which is reflected in our lifetime warranty. An invoice with our VAT ID number ensures additional transparency. If you are not satisfied, our return policy offers additional security.<\/p>\n<p><strong>Enjoy safe software shopping at Win&amp;Office!<\/strong><\/p>\n<p>&nbsp;<\/p>","protected":false},"excerpt":{"rendered":"<p>About us Win&amp;Office Buy software conveniently and securely online - Your Microsoft partner Software for computers, tablets, etc. is an integral part of our working and everyday lives. It not only facilitates numerous work processes, but also promotes our creativity and even optimizes basic tasks. In our software store you have the opportunity to buy software online... <\/p>","protected":false},"author":1,"featured_media":0,"parent":0,"menu_order":0,"comment_status":"closed","ping_status":"closed","template":"","meta":{"_acf_changed":false,"footnotes":""},"class_list":["post-980","page","type-page","status-publish","hentry"],"yoast_head":"<!-- This site is optimized with the Yoast SEO plugin v27.3 - https:\/\/yoast.com\/product\/yoast-seo-wordpress\/ -->\n<title>\u00dcber uns - Win &amp; Office<\/title>\n<meta name=\"robots\" content=\"index, follow, max-snippet:-1, max-image-preview:large, max-video-preview:-1\" \/>\n<link rel=\"canonical\" href=\"https:\/\/winandoffice.de\/en\/about\/\" \/>\n<meta property=\"og:locale\" content=\"en_US\" \/>\n<meta property=\"og:type\" content=\"article\" \/>\n<meta property=\"og:title\" content=\"\u00dcber uns - Win &amp; Office\" \/>\n<meta property=\"og:description\" content=\"\u00dcber uns Win&amp;Office Software bequem und sicher online kaufen \u2013 Ihr Microsoft-Partner Software f\u00fcr Computer, Tablets usw. ist ein fester Bestandteil unseres Arbeits- und Alltagslebens. Sie erleichtert nicht nur zahlreiche Arbeitsprozesse, sondern f\u00f6rdert auch unsere Kreativit\u00e4t und optimiert sogar grundlegende Aufgaben. In unserem Software-Shop haben Sie die M\u00f6glichkeit, Software online&hellip;\" \/>\n<meta property=\"og:url\" content=\"https:\/\/winandoffice.de\/en\/about\/\" \/>\n<meta property=\"og:site_name\" content=\"Win &amp; Office\" \/>\n<meta property=\"article:modified_time\" content=\"2025-12-09T18:42:49+00:00\" \/>\n<meta property=\"og:image\" content=\"http:\/\/winandoffice.de\/wp-content\/uploads\/2020\/09\/logo-COLOR_Mesa-de-trabajo-1-300x81.png\" \/>\n<meta name=\"twitter:card\" content=\"summary_large_image\" \/>\n<meta name=\"twitter:label1\" content=\"Est. reading time\" \/>\n\t<meta name=\"twitter:data1\" content=\"1 minute\" \/>\n<script type=\"application\/ld+json\" class=\"yoast-schema-graph\">{\"@context\":\"https:\\\/\\\/schema.org\",\"@graph\":[{\"@type\":\"WebPage\",\"@id\":\"https:\\\/\\\/winandoffice.de\\\/en\\\/about\\\/\",\"url\":\"https:\\\/\\\/winandoffice.de\\\/en\\\/about\\\/\",\"name\":\"\u00dcber uns - Win &amp; Office\",\"isPartOf\":{\"@id\":\"https:\\\/\\\/winandoffice.de\\\/#website\"},\"primaryImageOfPage\":{\"@id\":\"https:\\\/\\\/winandoffice.de\\\/en\\\/about\\\/#primaryimage\"},\"image\":{\"@id\":\"https:\\\/\\\/winandoffice.de\\\/en\\\/about\\\/#primaryimage\"},\"thumbnailUrl\":\"http:\\\/\\\/winandoffice.de\\\/wp-content\\\/uploads\\\/2020\\\/09\\\/logo-COLOR_Mesa-de-trabajo-1-300x81.png\",\"datePublished\":\"2019-07-25T07:45:18+00:00\",\"dateModified\":\"2025-12-09T18:42:49+00:00\",\"breadcrumb\":{\"@id\":\"https:\\\/\\\/winandoffice.de\\\/en\\\/about\\\/#breadcrumb\"},\"inLanguage\":\"en-US\",\"potentialAction\":[{\"@type\":\"ReadAction\",\"target\":[\"https:\\\/\\\/winandoffice.de\\\/en\\\/about\\\/\"]}]},{\"@type\":\"ImageObject\",\"inLanguage\":\"en-US\",\"@id\":\"https:\\\/\\\/winandoffice.de\\\/en\\\/about\\\/#primaryimage\",\"url\":\"http:\\\/\\\/winandoffice.de\\\/wp-content\\\/uploads\\\/2020\\\/09\\\/logo-COLOR_Mesa-de-trabajo-1-300x81.png\",\"contentUrl\":\"http:\\\/\\\/winandoffice.de\\\/wp-content\\\/uploads\\\/2020\\\/09\\\/logo-COLOR_Mesa-de-trabajo-1-300x81.png\"},{\"@type\":\"BreadcrumbList\",\"@id\":\"https:\\\/\\\/winandoffice.de\\\/en\\\/about\\\/#breadcrumb\",\"itemListElement\":[{\"@type\":\"ListItem\",\"position\":1,\"name\":\"Home\",\"item\":\"https:\\\/\\\/winandoffice.de\\\/en\\\/\"},{\"@type\":\"ListItem\",\"position\":2,\"name\":\"\u00dcber uns\"}]},{\"@type\":\"WebSite\",\"@id\":\"https:\\\/\\\/winandoffice.de\\\/#website\",\"url\":\"https:\\\/\\\/winandoffice.de\\\/\",\"name\":\"Win & Office\",\"description\":\"Shop Win &amp; Office\",\"publisher\":{\"@id\":\"https:\\\/\\\/winandoffice.de\\\/#organization\"},\"potentialAction\":[{\"@type\":\"SearchAction\",\"target\":{\"@type\":\"EntryPoint\",\"urlTemplate\":\"https:\\\/\\\/winandoffice.de\\\/?s={search_term_string}\"},\"query-input\":{\"@type\":\"PropertyValueSpecification\",\"valueRequired\":true,\"valueName\":\"search_term_string\"}}],\"inLanguage\":\"en-US\"},{\"@type\":\"Organization\",\"@id\":\"https:\\\/\\\/winandoffice.de\\\/#organization\",\"name\":\"Win & Office\",\"url\":\"https:\\\/\\\/winandoffice.de\\\/\",\"logo\":{\"@type\":\"ImageObject\",\"inLanguage\":\"en-US\",\"@id\":\"https:\\\/\\\/winandoffice.de\\\/#\\\/schema\\\/logo\\\/image\\\/\",\"url\":\"https:\\\/\\\/winandoffice.de\\\/wp-content\\\/uploads\\\/2020\\\/12\\\/winandoffice-logo-windows-microsoft-software-1.png\",\"contentUrl\":\"https:\\\/\\\/winandoffice.de\\\/wp-content\\\/uploads\\\/2020\\\/12\\\/winandoffice-logo-windows-microsoft-software-1.png\",\"width\":318,\"height\":86,\"caption\":\"Win & Office\"},\"image\":{\"@id\":\"https:\\\/\\\/winandoffice.de\\\/#\\\/schema\\\/logo\\\/image\\\/\"}}]}<\/script>\n<!-- \/ Yoast SEO plugin. -->","yoast_head_json":{"title":"About us - Win &amp; Office","robots":{"index":"index","follow":"follow","max-snippet":"max-snippet:-1","max-image-preview":"max-image-preview:large","max-video-preview":"max-video-preview:-1"},"canonical":"https:\/\/winandoffice.de\/en\/about\/","og_locale":"en_US","og_type":"article","og_title":"\u00dcber uns - Win &amp; Office","og_description":"\u00dcber uns Win&amp;Office Software bequem und sicher online kaufen \u2013 Ihr Microsoft-Partner Software f\u00fcr Computer, Tablets usw. ist ein fester Bestandteil unseres Arbeits- und Alltagslebens. Sie erleichtert nicht nur zahlreiche Arbeitsprozesse, sondern f\u00f6rdert auch unsere Kreativit\u00e4t und optimiert sogar grundlegende Aufgaben. In unserem Software-Shop haben Sie die M\u00f6glichkeit, Software online&hellip;","og_url":"https:\/\/winandoffice.de\/en\/about\/","og_site_name":"Win &amp; Office","article_modified_time":"2025-12-09T18:42:49+00:00","og_image":[{"url":"http:\/\/winandoffice.de\/wp-content\/uploads\/2020\/09\/logo-COLOR_Mesa-de-trabajo-1-300x81.png","type":"","width":"","height":""}],"twitter_card":"summary_large_image","twitter_misc":{"Est. reading time":"1 minute"},"schema":{"@context":"https:\/\/schema.org","@graph":[{"@type":"WebPage","@id":"https:\/\/winandoffice.de\/en\/about\/","url":"https:\/\/winandoffice.de\/en\/about\/","name":"About us - Win &amp; Office","isPartOf":{"@id":"https:\/\/winandoffice.de\/#website"},"primaryImageOfPage":{"@id":"https:\/\/winandoffice.de\/en\/about\/#primaryimage"},"image":{"@id":"https:\/\/winandoffice.de\/en\/about\/#primaryimage"},"thumbnailUrl":"http:\/\/winandoffice.de\/wp-content\/uploads\/2020\/09\/logo-COLOR_Mesa-de-trabajo-1-300x81.png","datePublished":"2019-07-25T07:45:18+00:00","dateModified":"2025-12-09T18:42:49+00:00","breadcrumb":{"@id":"https:\/\/winandoffice.de\/en\/about\/#breadcrumb"},"inLanguage":"en-US","potentialAction":[{"@type":"ReadAction","target":["https:\/\/winandoffice.de\/en\/about\/"]}]},{"@type":"ImageObject","inLanguage":"en-US","@id":"https:\/\/winandoffice.de\/en\/about\/#primaryimage","url":"http:\/\/winandoffice.de\/wp-content\/uploads\/2020\/09\/logo-COLOR_Mesa-de-trabajo-1-300x81.png","contentUrl":"http:\/\/winandoffice.de\/wp-content\/uploads\/2020\/09\/logo-COLOR_Mesa-de-trabajo-1-300x81.png"},{"@type":"BreadcrumbList","@id":"https:\/\/winandoffice.de\/en\/about\/#breadcrumb","itemListElement":[{"@type":"ListItem","position":1,"name":"Home","item":"https:\/\/winandoffice.de\/en\/"},{"@type":"ListItem","position":2,"name":"\u00dcber uns"}]},{"@type":"WebSite","@id":"https:\/\/winandoffice.de\/#website","url":"https:\/\/winandoffice.de\/","name":"Win &amp; Office","description":"Shop Win &amp; Office","publisher":{"@id":"https:\/\/winandoffice.de\/#organization"},"potentialAction":[{"@type":"SearchAction","target":{"@type":"EntryPoint","urlTemplate":"https:\/\/winandoffice.de\/?s={search_term_string}"},"query-input":{"@type":"PropertyValueSpecification","valueRequired":true,"valueName":"search_term_string"}}],"inLanguage":"en-US"},{"@type":"Organization","@id":"https:\/\/winandoffice.de\/#organization","name":"Win &amp; Office","url":"https:\/\/winandoffice.de\/","logo":{"@type":"ImageObject","inLanguage":"en-US","@id":"https:\/\/winandoffice.de\/#\/schema\/logo\/image\/","url":"https:\/\/winandoffice.de\/wp-content\/uploads\/2020\/12\/winandoffice-logo-windows-microsoft-software-1.png","contentUrl":"https:\/\/winandoffice.de\/wp-content\/uploads\/2020\/12\/winandoffice-logo-windows-microsoft-software-1.png","width":318,"height":86,"caption":"Win & Office"},"image":{"@id":"https:\/\/winandoffice.de\/#\/schema\/logo\/image\/"}}]}},"acf":[],"_links":{"self":[{"href":"https:\/\/winandoffice.de\/en\/wp-json\/wp\/v2\/pages\/980","targetHints":{"allow":["GET"]}}],"collection":[{"href":"https:\/\/winandoffice.de\/en\/wp-json\/wp\/v2\/pages"}],"about":[{"href":"https:\/\/winandoffice.de\/en\/wp-json\/wp\/v2\/types\/page"}],"author":[{"embeddable":true,"href":"https:\/\/winandoffice.de\/en\/wp-json\/wp\/v2\/users\/1"}],"replies":[{"embeddable":true,"href":"https:\/\/winandoffice.de\/en\/wp-json\/wp\/v2\/comments?post=980"}],"version-history":[{"count":0,"href":"https:\/\/winandoffice.de\/en\/wp-json\/wp\/v2\/pages\/980\/revisions"}],"wp:attachment":[{"href":"https:\/\/winandoffice.de\/en\/wp-json\/wp\/v2\/media?parent=980"}],"curies":[{"name":"wp","href":"https:\/\/api.w.org\/{rel}","templated":true}]}}