{"id":2867,"date":"2020-07-25T23:33:33","date_gmt":"2020-07-25T23:33:33","guid":{"rendered":"https:\/\/winandofficews.com\/?page_id=2867"},"modified":"2025-12-09T12:41:24","modified_gmt":"2025-12-09T11:41:24","slug":"widerrufsrecht","status":"publish","type":"page","link":"https:\/\/winandoffice.de\/en\/widerrufsrecht\/","title":{"rendered":"right of withdrawal"},"content":{"rendered":"<section style=\"font-family: Arial, sans-serif; line-height: 1.6; max-width: 800px; margin: auto;\">\n<h4 style=\"color: #2c3e50;\">30-day money-back guarantee &amp; lifetime replacement guarantee<\/h4>\n<p><strong>Winandoffice.com<\/strong> offers a 30-day money-back guarantee on all products purchased. If you are not satisfied with your purchase, you can return it within 30 days for a full refund.<\/p>\n<p>After this 30-day period, we offer a <strong>lifetime replacement guarantee<\/strong> for all defective products.<\/p>\n<h4 style=\"color: #34495e;\">Statutory warranty<\/h4>\n<p>The statutory warranty period under German law is <strong>1 year<\/strong> from the date of purchase for defects caused by faulty design, materials, or workmanship.<\/p>\n<hr style=\"border: none; border-top: 1px dashed #bbb; margin: 30px 0;\" \/>\n<h4 style=\"color: #34495e;\">Conditions for defective products<\/h4>\n<p>In the event of defective products, <strong>Winandoffice.com<\/strong> repair or replace the defective item free of charge at its discretion, provided that the following conditions are met:<\/p>\n<ol style=\"padding-left: 20px;\">\n<li>The buyer must inform the seller <strong>in writing<\/strong> and immediately report the defect.<\/li>\n<li>The defect must be reported to <strong>defective design, material, or workmanship<\/strong> be attributable to the manufacturer or seller.<\/li>\n<li>Defective goods that are to be repaired or replaced must be returned to the seller. <strong>upon request<\/strong> be returned.<\/li>\n<li>If the goods are shipped from a <strong>third-party provider<\/strong> manufactured and delivered to the seller, any warranty granted to the seller shall be transferred to the buyer.<\/li>\n<li>The seller reserves the right, at its sole discretion, to <strong>Reimburse the price of the defective goods<\/strong>, if it has already been paid.<\/li>\n<\/ol>\n<\/section>","protected":false},"excerpt":{"rendered":"<p>30-Day Money-Back Guarantee &amp; Lifetime Exchange Guarantee offers a 30-day money-back guarantee on all products purchased. If you are not satisfied with your purchase, you can return it within 30 days for a full refund. After this 30-day period, we offer a lifetime replacement guarantee for all faulty products. Legal... <\/p>","protected":false},"author":1,"featured_media":0,"parent":0,"menu_order":0,"comment_status":"closed","ping_status":"closed","template":"","meta":{"_acf_changed":false,"footnotes":""},"class_list":["post-2867","page","type-page","status-publish","hentry"],"yoast_head":"<!-- This site is optimized with the Yoast SEO plugin v27.3 - https:\/\/yoast.com\/product\/yoast-seo-wordpress\/ -->\n<title>Widerrufsrecht - Win &amp; Office<\/title>\n<meta name=\"robots\" content=\"index, follow, max-snippet:-1, max-image-preview:large, max-video-preview:-1\" \/>\n<link rel=\"canonical\" href=\"https:\/\/winandoffice.de\/en\/widerrufsrecht\/\" \/>\n<meta property=\"og:locale\" content=\"en_US\" \/>\n<meta property=\"og:type\" content=\"article\" \/>\n<meta property=\"og:title\" content=\"Widerrufsrecht - Win &amp; Office\" \/>\n<meta property=\"og:description\" content=\"30-t\u00e4gige Geld-zur\u00fcck-Garantie &amp; lebenslange Austauschgarantie bietet eine 30-t\u00e4gige Geld-zur\u00fcck-Garantie f\u00fcr alle gekauften Produkte. Wenn Sie mit Ihrem Kauf nicht zufrieden sind, k\u00f6nnen Sie ihn innerhalb von 30 Tagen f\u00fcr eine vollst\u00e4ndige R\u00fcckerstattung zur\u00fcckgeben. Nach diesem Zeitraum von 30 Tagen bieten wir eine lebenslange Austauschgarantie f\u00fcr alle fehlerhaften Produkte an. Gesetzliche&hellip;\" \/>\n<meta property=\"og:url\" content=\"https:\/\/winandoffice.de\/en\/widerrufsrecht\/\" \/>\n<meta property=\"og:site_name\" content=\"Win &amp; Office\" \/>\n<meta property=\"article:modified_time\" content=\"2025-12-09T11:41:24+00:00\" \/>\n<meta name=\"twitter:card\" content=\"summary_large_image\" \/>\n<meta name=\"twitter:label1\" content=\"Est. reading time\" \/>\n\t<meta name=\"twitter:data1\" content=\"1 minute\" \/>\n<script type=\"application\/ld+json\" class=\"yoast-schema-graph\">{\"@context\":\"https:\\\/\\\/schema.org\",\"@graph\":[{\"@type\":\"WebPage\",\"@id\":\"https:\\\/\\\/winandoffice.de\\\/en\\\/widerrufsrecht\\\/\",\"url\":\"https:\\\/\\\/winandoffice.de\\\/en\\\/widerrufsrecht\\\/\",\"name\":\"Widerrufsrecht - Win &amp; Office\",\"isPartOf\":{\"@id\":\"https:\\\/\\\/winandoffice.de\\\/#website\"},\"datePublished\":\"2020-07-25T23:33:33+00:00\",\"dateModified\":\"2025-12-09T11:41:24+00:00\",\"breadcrumb\":{\"@id\":\"https:\\\/\\\/winandoffice.de\\\/en\\\/widerrufsrecht\\\/#breadcrumb\"},\"inLanguage\":\"en-US\",\"potentialAction\":[{\"@type\":\"ReadAction\",\"target\":[\"https:\\\/\\\/winandoffice.de\\\/en\\\/widerrufsrecht\\\/\"]}]},{\"@type\":\"BreadcrumbList\",\"@id\":\"https:\\\/\\\/winandoffice.de\\\/en\\\/widerrufsrecht\\\/#breadcrumb\",\"itemListElement\":[{\"@type\":\"ListItem\",\"position\":1,\"name\":\"Home\",\"item\":\"https:\\\/\\\/winandoffice.de\\\/en\\\/\"},{\"@type\":\"ListItem\",\"position\":2,\"name\":\"Widerrufsrecht\"}]},{\"@type\":\"WebSite\",\"@id\":\"https:\\\/\\\/winandoffice.de\\\/#website\",\"url\":\"https:\\\/\\\/winandoffice.de\\\/\",\"name\":\"Win & Office\",\"description\":\"Shop Win &amp; Office\",\"publisher\":{\"@id\":\"https:\\\/\\\/winandoffice.de\\\/#organization\"},\"potentialAction\":[{\"@type\":\"SearchAction\",\"target\":{\"@type\":\"EntryPoint\",\"urlTemplate\":\"https:\\\/\\\/winandoffice.de\\\/?s={search_term_string}\"},\"query-input\":{\"@type\":\"PropertyValueSpecification\",\"valueRequired\":true,\"valueName\":\"search_term_string\"}}],\"inLanguage\":\"en-US\"},{\"@type\":\"Organization\",\"@id\":\"https:\\\/\\\/winandoffice.de\\\/#organization\",\"name\":\"Win & Office\",\"url\":\"https:\\\/\\\/winandoffice.de\\\/\",\"logo\":{\"@type\":\"ImageObject\",\"inLanguage\":\"en-US\",\"@id\":\"https:\\\/\\\/winandoffice.de\\\/#\\\/schema\\\/logo\\\/image\\\/\",\"url\":\"https:\\\/\\\/winandoffice.de\\\/wp-content\\\/uploads\\\/2020\\\/12\\\/winandoffice-logo-windows-microsoft-software-1.png\",\"contentUrl\":\"https:\\\/\\\/winandoffice.de\\\/wp-content\\\/uploads\\\/2020\\\/12\\\/winandoffice-logo-windows-microsoft-software-1.png\",\"width\":318,\"height\":86,\"caption\":\"Win & Office\"},\"image\":{\"@id\":\"https:\\\/\\\/winandoffice.de\\\/#\\\/schema\\\/logo\\\/image\\\/\"}}]}<\/script>\n<!-- \/ Yoast SEO plugin. -->","yoast_head_json":{"title":"Right of withdrawal - Win &amp; Office","robots":{"index":"index","follow":"follow","max-snippet":"max-snippet:-1","max-image-preview":"max-image-preview:large","max-video-preview":"max-video-preview:-1"},"canonical":"https:\/\/winandoffice.de\/en\/widerrufsrecht\/","og_locale":"en_US","og_type":"article","og_title":"Widerrufsrecht - Win &amp; Office","og_description":"30-t\u00e4gige Geld-zur\u00fcck-Garantie &amp; lebenslange Austauschgarantie bietet eine 30-t\u00e4gige Geld-zur\u00fcck-Garantie f\u00fcr alle gekauften Produkte. Wenn Sie mit Ihrem Kauf nicht zufrieden sind, k\u00f6nnen Sie ihn innerhalb von 30 Tagen f\u00fcr eine vollst\u00e4ndige R\u00fcckerstattung zur\u00fcckgeben. Nach diesem Zeitraum von 30 Tagen bieten wir eine lebenslange Austauschgarantie f\u00fcr alle fehlerhaften Produkte an. Gesetzliche&hellip;","og_url":"https:\/\/winandoffice.de\/en\/widerrufsrecht\/","og_site_name":"Win &amp; Office","article_modified_time":"2025-12-09T11:41:24+00:00","twitter_card":"summary_large_image","twitter_misc":{"Est. reading time":"1 minute"},"schema":{"@context":"https:\/\/schema.org","@graph":[{"@type":"WebPage","@id":"https:\/\/winandoffice.de\/en\/widerrufsrecht\/","url":"https:\/\/winandoffice.de\/en\/widerrufsrecht\/","name":"Right of withdrawal - Win &amp; Office","isPartOf":{"@id":"https:\/\/winandoffice.de\/#website"},"datePublished":"2020-07-25T23:33:33+00:00","dateModified":"2025-12-09T11:41:24+00:00","breadcrumb":{"@id":"https:\/\/winandoffice.de\/en\/widerrufsrecht\/#breadcrumb"},"inLanguage":"en-US","potentialAction":[{"@type":"ReadAction","target":["https:\/\/winandoffice.de\/en\/widerrufsrecht\/"]}]},{"@type":"BreadcrumbList","@id":"https:\/\/winandoffice.de\/en\/widerrufsrecht\/#breadcrumb","itemListElement":[{"@type":"ListItem","position":1,"name":"Home","item":"https:\/\/winandoffice.de\/en\/"},{"@type":"ListItem","position":2,"name":"Widerrufsrecht"}]},{"@type":"WebSite","@id":"https:\/\/winandoffice.de\/#website","url":"https:\/\/winandoffice.de\/","name":"Win &amp; Office","description":"Shop Win &amp; Office","publisher":{"@id":"https:\/\/winandoffice.de\/#organization"},"potentialAction":[{"@type":"SearchAction","target":{"@type":"EntryPoint","urlTemplate":"https:\/\/winandoffice.de\/?s={search_term_string}"},"query-input":{"@type":"PropertyValueSpecification","valueRequired":true,"valueName":"search_term_string"}}],"inLanguage":"en-US"},{"@type":"Organization","@id":"https:\/\/winandoffice.de\/#organization","name":"Win &amp; Office","url":"https:\/\/winandoffice.de\/","logo":{"@type":"ImageObject","inLanguage":"en-US","@id":"https:\/\/winandoffice.de\/#\/schema\/logo\/image\/","url":"https:\/\/winandoffice.de\/wp-content\/uploads\/2020\/12\/winandoffice-logo-windows-microsoft-software-1.png","contentUrl":"https:\/\/winandoffice.de\/wp-content\/uploads\/2020\/12\/winandoffice-logo-windows-microsoft-software-1.png","width":318,"height":86,"caption":"Win & Office"},"image":{"@id":"https:\/\/winandoffice.de\/#\/schema\/logo\/image\/"}}]}},"acf":[],"_links":{"self":[{"href":"https:\/\/winandoffice.de\/en\/wp-json\/wp\/v2\/pages\/2867","targetHints":{"allow":["GET"]}}],"collection":[{"href":"https:\/\/winandoffice.de\/en\/wp-json\/wp\/v2\/pages"}],"about":[{"href":"https:\/\/winandoffice.de\/en\/wp-json\/wp\/v2\/types\/page"}],"author":[{"embeddable":true,"href":"https:\/\/winandoffice.de\/en\/wp-json\/wp\/v2\/users\/1"}],"replies":[{"embeddable":true,"href":"https:\/\/winandoffice.de\/en\/wp-json\/wp\/v2\/comments?post=2867"}],"version-history":[{"count":0,"href":"https:\/\/winandoffice.de\/en\/wp-json\/wp\/v2\/pages\/2867\/revisions"}],"wp:attachment":[{"href":"https:\/\/winandoffice.de\/en\/wp-json\/wp\/v2\/media?parent=2867"}],"curies":[{"name":"wp","href":"https:\/\/api.w.org\/{rel}","templated":true}]}}