{"id":13007,"date":"2025-04-23T15:24:41","date_gmt":"2025-04-23T14:24:41","guid":{"rendered":"https:\/\/winandoffice.de\/?page_id=13007"},"modified":"2025-12-09T12:41:38","modified_gmt":"2025-12-09T11:41:38","slug":"warranty-policy","status":"publish","type":"page","link":"https:\/\/winandoffice.de\/en\/warranty-policy\/","title":{"rendered":"warranty terms"},"content":{"rendered":"<h2 class=\"wp-block-heading\">30-day money-back guarantee &amp; lifetime replacement warranty<\/h2>\r\n\r\n\r\n\r\n<p><strong><strong>Winandoffice.com<\/strong><\/strong> offers a <strong>30-day money-back guarantee<\/strong> for all purchased products. If you are not satisfied with your purchase, you can return it within 30 days for a full refund. After these 30 days, we offer a <strong>lifetime replacement warranty<\/strong> for all defective goods.<\/p>\r\n\r\n\r\n\r\n<h3 class=\"wp-block-heading\">Statutory warranty<\/h3>\r\n\r\n\r\n\r\n<p>The statutory warranty period in accordance with <strong>German law<\/strong> amounts to <strong>1 year<\/strong> from the date of purchase for all defects attributable to faulty design, materials, or workmanship.<\/p>\r\n\r\n\r\n\r\n<h3 class=\"wp-block-heading\">Conditions for defective goods<\/h3>\r\n\r\n\r\n\r\n<p>In the event of defective goods, <strong>Winandoffice.com<\/strong> repair or replace the defective goods at its own discretion \u2013 <strong>free of charge<\/strong> \u2013 provided that the following conditions are met:<\/p>\r\n\r\n\r\n\r\n<ol class=\"wp-block-list\">\r\n    \r\n    <li>The buyer must immediately notify the seller <strong>in writing<\/strong> inform about the defect.<\/li>\r\n    \r\n\r\n    \r\n    <li>The defect must be attributable to faulty design, material, or workmanship on the part of the manufacturer or seller.<\/li>\r\n    \r\n\r\n    \r\n    <li>All defective goods that are to be repaired or replaced must be returned to the seller if the seller so requests.<\/li>\r\n    \r\n\r\n    \r\n    <li>If the goods were delivered to the seller by the manufacturer or a third party, any warranty granted to the seller shall be passed on to the buyer.<\/li>\r\n    \r\n\r\n    \r\n    <li>The seller is entitled, at its own discretion, to refund the purchase price already paid for the defective goods.<\/li>\r\n    \r\n<\/ol>","protected":false},"excerpt":{"rendered":"<p>30-Day Money-Back Guarantee &amp; Lifetime Replacement Guarantee Winandoffice.co.uk offers a 30-day money-back guarantee on all products purchased. If you are not satisfied with your purchase, you can return it within 30 days for a full refund. After the 30 days, we offer a lifetime replacement guarantee for all faulty goods. Statutory warranty... <\/p>","protected":false},"author":1,"featured_media":0,"parent":0,"menu_order":0,"comment_status":"closed","ping_status":"closed","template":"","meta":{"_acf_changed":false,"footnotes":""},"class_list":["post-13007","page","type-page","status-publish","hentry"],"yoast_head":"<!-- This site is optimized with the Yoast SEO plugin v27.3 - https:\/\/yoast.com\/product\/yoast-seo-wordpress\/ -->\n<title>Garantiebestimmungen - Win &amp; Office<\/title>\n<meta name=\"robots\" content=\"index, follow, max-snippet:-1, max-image-preview:large, max-video-preview:-1\" \/>\n<link rel=\"canonical\" href=\"https:\/\/winandoffice.de\/en\/warranty-policy\/\" \/>\n<meta property=\"og:locale\" content=\"en_US\" \/>\n<meta property=\"og:type\" content=\"article\" \/>\n<meta property=\"og:title\" content=\"Garantiebestimmungen - Win &amp; Office\" \/>\n<meta property=\"og:description\" content=\"30-t\u00e4gige Geld-zur\u00fcck-Garantie &#038; lebenslange Ersatzgarantie Winandoffice.de bietet eine 30-t\u00e4gige Geld-zur\u00fcck-Garantie f\u00fcr alle gekauften Produkte. Wenn Sie mit Ihrem Kauf nicht zufrieden sind, k\u00f6nnen Sie ihn innerhalb von 30 Tagen f\u00fcr eine volle R\u00fcckerstattung zur\u00fcckgeben. Nach Ablauf dieser 30 Tage bieten wir eine lebenslange Ersatzgarantie f\u00fcr alle fehlerhaften Waren. Gesetzliche Gew\u00e4hrleistung&hellip;\" \/>\n<meta property=\"og:url\" content=\"https:\/\/winandoffice.de\/en\/warranty-policy\/\" \/>\n<meta property=\"og:site_name\" content=\"Win &amp; Office\" \/>\n<meta property=\"article:modified_time\" content=\"2025-12-09T11:41:38+00:00\" \/>\n<meta name=\"twitter:card\" content=\"summary_large_image\" \/>\n<meta name=\"twitter:label1\" content=\"Est. reading time\" \/>\n\t<meta name=\"twitter:data1\" content=\"1 minute\" \/>\n<script type=\"application\/ld+json\" class=\"yoast-schema-graph\">{\"@context\":\"https:\\\/\\\/schema.org\",\"@graph\":[{\"@type\":\"WebPage\",\"@id\":\"https:\\\/\\\/winandoffice.de\\\/warranty-policy\\\/\",\"url\":\"https:\\\/\\\/winandoffice.de\\\/warranty-policy\\\/\",\"name\":\"Garantiebestimmungen - Win &amp; Office\",\"isPartOf\":{\"@id\":\"https:\\\/\\\/winandoffice.de\\\/#website\"},\"datePublished\":\"2025-04-23T14:24:41+00:00\",\"dateModified\":\"2025-12-09T11:41:38+00:00\",\"breadcrumb\":{\"@id\":\"https:\\\/\\\/winandoffice.de\\\/warranty-policy\\\/#breadcrumb\"},\"inLanguage\":\"en-US\",\"potentialAction\":[{\"@type\":\"ReadAction\",\"target\":[\"https:\\\/\\\/winandoffice.de\\\/warranty-policy\\\/\"]}]},{\"@type\":\"BreadcrumbList\",\"@id\":\"https:\\\/\\\/winandoffice.de\\\/warranty-policy\\\/#breadcrumb\",\"itemListElement\":[{\"@type\":\"ListItem\",\"position\":1,\"name\":\"Home\",\"item\":\"https:\\\/\\\/winandoffice.de\\\/en\\\/\"},{\"@type\":\"ListItem\",\"position\":2,\"name\":\"Garantiebestimmungen\"}]},{\"@type\":\"WebSite\",\"@id\":\"https:\\\/\\\/winandoffice.de\\\/#website\",\"url\":\"https:\\\/\\\/winandoffice.de\\\/\",\"name\":\"Win & Office\",\"description\":\"Shop Win &amp; Office\",\"publisher\":{\"@id\":\"https:\\\/\\\/winandoffice.de\\\/#organization\"},\"potentialAction\":[{\"@type\":\"SearchAction\",\"target\":{\"@type\":\"EntryPoint\",\"urlTemplate\":\"https:\\\/\\\/winandoffice.de\\\/?s={search_term_string}\"},\"query-input\":{\"@type\":\"PropertyValueSpecification\",\"valueRequired\":true,\"valueName\":\"search_term_string\"}}],\"inLanguage\":\"en-US\"},{\"@type\":\"Organization\",\"@id\":\"https:\\\/\\\/winandoffice.de\\\/#organization\",\"name\":\"Win & Office\",\"url\":\"https:\\\/\\\/winandoffice.de\\\/\",\"logo\":{\"@type\":\"ImageObject\",\"inLanguage\":\"en-US\",\"@id\":\"https:\\\/\\\/winandoffice.de\\\/#\\\/schema\\\/logo\\\/image\\\/\",\"url\":\"https:\\\/\\\/winandoffice.de\\\/wp-content\\\/uploads\\\/2020\\\/12\\\/winandoffice-logo-windows-microsoft-software-1.png\",\"contentUrl\":\"https:\\\/\\\/winandoffice.de\\\/wp-content\\\/uploads\\\/2020\\\/12\\\/winandoffice-logo-windows-microsoft-software-1.png\",\"width\":318,\"height\":86,\"caption\":\"Win & Office\"},\"image\":{\"@id\":\"https:\\\/\\\/winandoffice.de\\\/#\\\/schema\\\/logo\\\/image\\\/\"}}]}<\/script>\n<!-- \/ Yoast SEO plugin. -->","yoast_head_json":{"title":"Warranty conditions - Win &amp; Office","robots":{"index":"index","follow":"follow","max-snippet":"max-snippet:-1","max-image-preview":"max-image-preview:large","max-video-preview":"max-video-preview:-1"},"canonical":"https:\/\/winandoffice.de\/en\/warranty-policy\/","og_locale":"en_US","og_type":"article","og_title":"Garantiebestimmungen - Win &amp; Office","og_description":"30-t\u00e4gige Geld-zur\u00fcck-Garantie &#038; lebenslange Ersatzgarantie Winandoffice.de bietet eine 30-t\u00e4gige Geld-zur\u00fcck-Garantie f\u00fcr alle gekauften Produkte. Wenn Sie mit Ihrem Kauf nicht zufrieden sind, k\u00f6nnen Sie ihn innerhalb von 30 Tagen f\u00fcr eine volle R\u00fcckerstattung zur\u00fcckgeben. Nach Ablauf dieser 30 Tage bieten wir eine lebenslange Ersatzgarantie f\u00fcr alle fehlerhaften Waren. Gesetzliche Gew\u00e4hrleistung&hellip;","og_url":"https:\/\/winandoffice.de\/en\/warranty-policy\/","og_site_name":"Win &amp; Office","article_modified_time":"2025-12-09T11:41:38+00:00","twitter_card":"summary_large_image","twitter_misc":{"Est. reading time":"1 minute"},"schema":{"@context":"https:\/\/schema.org","@graph":[{"@type":"WebPage","@id":"https:\/\/winandoffice.de\/warranty-policy\/","url":"https:\/\/winandoffice.de\/warranty-policy\/","name":"Warranty conditions - Win &amp; Office","isPartOf":{"@id":"https:\/\/winandoffice.de\/#website"},"datePublished":"2025-04-23T14:24:41+00:00","dateModified":"2025-12-09T11:41:38+00:00","breadcrumb":{"@id":"https:\/\/winandoffice.de\/warranty-policy\/#breadcrumb"},"inLanguage":"en-US","potentialAction":[{"@type":"ReadAction","target":["https:\/\/winandoffice.de\/warranty-policy\/"]}]},{"@type":"BreadcrumbList","@id":"https:\/\/winandoffice.de\/warranty-policy\/#breadcrumb","itemListElement":[{"@type":"ListItem","position":1,"name":"Home","item":"https:\/\/winandoffice.de\/en\/"},{"@type":"ListItem","position":2,"name":"Garantiebestimmungen"}]},{"@type":"WebSite","@id":"https:\/\/winandoffice.de\/#website","url":"https:\/\/winandoffice.de\/","name":"Win &amp; Office","description":"Shop Win &amp; Office","publisher":{"@id":"https:\/\/winandoffice.de\/#organization"},"potentialAction":[{"@type":"SearchAction","target":{"@type":"EntryPoint","urlTemplate":"https:\/\/winandoffice.de\/?s={search_term_string}"},"query-input":{"@type":"PropertyValueSpecification","valueRequired":true,"valueName":"search_term_string"}}],"inLanguage":"en-US"},{"@type":"Organization","@id":"https:\/\/winandoffice.de\/#organization","name":"Win &amp; Office","url":"https:\/\/winandoffice.de\/","logo":{"@type":"ImageObject","inLanguage":"en-US","@id":"https:\/\/winandoffice.de\/#\/schema\/logo\/image\/","url":"https:\/\/winandoffice.de\/wp-content\/uploads\/2020\/12\/winandoffice-logo-windows-microsoft-software-1.png","contentUrl":"https:\/\/winandoffice.de\/wp-content\/uploads\/2020\/12\/winandoffice-logo-windows-microsoft-software-1.png","width":318,"height":86,"caption":"Win & Office"},"image":{"@id":"https:\/\/winandoffice.de\/#\/schema\/logo\/image\/"}}]}},"acf":[],"_links":{"self":[{"href":"https:\/\/winandoffice.de\/en\/wp-json\/wp\/v2\/pages\/13007","targetHints":{"allow":["GET"]}}],"collection":[{"href":"https:\/\/winandoffice.de\/en\/wp-json\/wp\/v2\/pages"}],"about":[{"href":"https:\/\/winandoffice.de\/en\/wp-json\/wp\/v2\/types\/page"}],"author":[{"embeddable":true,"href":"https:\/\/winandoffice.de\/en\/wp-json\/wp\/v2\/users\/1"}],"replies":[{"embeddable":true,"href":"https:\/\/winandoffice.de\/en\/wp-json\/wp\/v2\/comments?post=13007"}],"version-history":[{"count":0,"href":"https:\/\/winandoffice.de\/en\/wp-json\/wp\/v2\/pages\/13007\/revisions"}],"wp:attachment":[{"href":"https:\/\/winandoffice.de\/en\/wp-json\/wp\/v2\/media?parent=13007"}],"curies":[{"name":"wp","href":"https:\/\/api.w.org\/{rel}","templated":true}]}}